{"id":161,"date":"2018-12-28T09:35:45","date_gmt":"2018-12-28T08:35:45","guid":{"rendered":"http:\/\/rs.pic-develop.de\/?page_id=161"},"modified":"2021-02-05T07:55:20","modified_gmt":"2021-02-05T06:55:20","slug":"therapien","status":"publish","type":"page","link":"https:\/\/saha-pferdestaerken.de\/index.php\/therapien\/","title":{"rendered":"Therapien"},"content":{"rendered":"<h1>Therapien<\/h1>\n<div>\n<h5>\u00a0<\/h5>\n<p>Pferde sprechen in der Regel sehr gut auf manuelle und alternative Behandlungen an. Vermutlich liegt es darin begr\u00fcndet, dass sie ihren nat\u00fcrlichen Bewegungsabl\u00e4ufen weniger stark entfremdet sind. Je nat\u00fcrlicher sie gehalten werden, desto leichter haben sie es, St\u00f6rungsmuster zu durchbrechen. Daher ist es f\u00fcr Ihr Pferd sehr wichtig, dass es nach der Behandlung einen angepassten und entsprechenden Auslauf bekommt.<\/p>\n<\/div>\n<p><img decoding=\"async\" src=\"\/wp-content\/uploads\/2020\/07\/horse-1329619_1920.jpg\" alt=\"\"><\/p>\n<p><!-- {\"type\":\"layout\",\"children\":[{\"type\":\"section\",\"props\":{\"style\":\"default\",\"width\":\"default\",\"vertical_align\":\"middle\",\"title_position\":\"top-left\",\"title_rotation\":\"left\",\"title_breakpoint\":\"xl\",\"image_position\":\"center-center\",\"padding_remove_bottom\":true},\"children\":[{\"type\":\"row\",\"children\":[{\"type\":\"column\",\"props\":{\"image_position\":\"center-center\",\"media_overlay_gradient\":\"\",\"width_medium\":\"1-1\"},\"children\":[{\"type\":\"headline\",\"props\":{\"title_element\":\"h1\",\"title_style\":\"h1\",\"content\":\"Therapien\"}}]}]}],\"name\":\"Grundmuster_Slideshow_Text\"},{\"type\":\"section\",\"props\":{\"style\":\"default\",\"width\":\"default\",\"vertical_align\":\"middle\",\"title_position\":\"top-left\",\"title_rotation\":\"left\",\"title_breakpoint\":\"xl\",\"image_position\":\"center-center\"},\"children\":[{\"type\":\"row\",\"props\":{\"layout\":\"1-2,1-2\"},\"children\":[{\"type\":\"column\",\"props\":{\"image_position\":\"center-center\",\"media_overlay_gradient\":\"\",\"width_medium\":\"1-2\"},\"children\":[{\"type\":\"text\",\"props\":{\"margin\":\"default\",\"column_breakpoint\":\"m\",\"content\":\"\n\n<h5>\\u00a0<\\\/h5>\\n\n\n<p>Pferde sprechen in der Regel sehr gut auf manuelle und alternative Behandlungen an. Vermutlich liegt es darin begr\\u00fcndet, dass sie ihren nat\\u00fcrlichen Bewegungsabl\\u00e4ufen weniger stark entfremdet sind. Je nat\\u00fcrlicher sie gehalten werden, desto leichter haben sie es, St\\u00f6rungsmuster zu durchbrechen. Daher ist es f\\u00fcr Ihr Pferd sehr wichtig, dass es nach der Behandlung einen angepassten und entsprechenden Auslauf bekommt.<\\\/p>\"}}]},{\"type\":\"column\",\"props\":{\"image_position\":\"center-center\",\"media_overlay_gradient\":\"\",\"width_medium\":\"1-2\"},\"children\":[{\"type\":\"text\",\"props\":{\"margin\":\"default\",\"column_breakpoint\":\"m\",\"content\":\"\"}}]}]}],\"name\":\"Text zweispaltig\"},{\"type\":\"section\",\"props\":{\"style\":\"default\",\"width\":\"default\",\"vertical_align\":\"middle\",\"title_position\":\"top-left\",\"title_rotation\":\"left\",\"title_breakpoint\":\"xl\",\"image_position\":\"center-center\"},\"children\":[{\"type\":\"row\",\"children\":[{\"type\":\"column\",\"props\":{\"image_position\":\"center-center\",\"media_overlay_gradient\":\"\"},\"children\":[{\"type\":\"image\",\"props\":{\"margin\":\"default\",\"image_svg_color\":\"emphasis\",\"image\":\"wp-content\\\/uploads\\\/2020\\\/07\\\/horse-1329619_1920.jpg\"}}]}]}]}],\"version\":\"2.1.2\"} --><\/p>\n","protected":false},"excerpt":{"rendered":"<p>Therapien \u00a0 Pferde sprechen in der Regel sehr gut auf manuelle und alternative Behandlungen an. Vermutlich liegt es darin begr\u00fcndet, dass sie ihren nat\u00fcrlichen Bewegungsabl\u00e4ufen weniger stark entfremdet sind. Je nat\u00fcrlicher sie gehalten werden, desto leichter haben sie es, St\u00f6rungsmuster zu durchbrechen. Daher ist es f\u00fcr Ihr Pferd sehr wichtig, dass es nach der Behandlung [&hellip;]<\/p>\n","protected":false},"author":6,"featured_media":0,"parent":0,"menu_order":0,"comment_status":"closed","ping_status":"closed","template":"","meta":{"_monsterinsights_skip_tracking":false,"_monsterinsights_sitenote_active":false,"_monsterinsights_sitenote_note":"","_monsterinsights_sitenote_category":0,"footnotes":""},"class_list":["post-161","page","type-page","status-publish","hentry"],"yoast_head":"<!-- This site is optimized with the Yoast SEO plugin v27.2 - https:\/\/yoast.com\/product\/yoast-seo-wordpress\/ -->\n<title>Therapien | Ganzheitliche Pferdetherapie Sabine Hampicke<\/title>\n<meta name=\"description\" content=\"Therapieangebot von Ganzheitliche Pferdetherapie Sabine Hampicke. Ich biete Ihnen eine Vielzahl an verschiedenen Therapien an.\" \/>\n<meta name=\"robots\" content=\"index, follow, max-snippet:-1, max-image-preview:large, max-video-preview:-1\" \/>\n<link rel=\"canonical\" href=\"https:\/\/saha-pferdestaerken.de\/index.php\/therapien\/\" \/>\n<meta property=\"og:locale\" content=\"de_DE\" \/>\n<meta property=\"og:type\" content=\"article\" \/>\n<meta property=\"og:title\" content=\"Therapien | Ganzheitliche Pferdetherapie Sabine Hampicke\" \/>\n<meta property=\"og:description\" content=\"Therapieangebot von Ganzheitliche Pferdetherapie Sabine Hampicke. Ich biete Ihnen eine Vielzahl an verschiedenen Therapien an.\" \/>\n<meta property=\"og:url\" content=\"https:\/\/saha-pferdestaerken.de\/index.php\/therapien\/\" \/>\n<meta property=\"og:site_name\" content=\"Ganzheitliche Pferdetherapie Sabine Hampicke\" \/>\n<meta property=\"article:modified_time\" content=\"2021-02-05T06:55:20+00:00\" \/>\n<meta name=\"twitter:card\" content=\"summary_large_image\" \/>\n<script type=\"application\/ld+json\" class=\"yoast-schema-graph\">{\"@context\":\"https:\/\/schema.org\",\"@graph\":[{\"@type\":\"WebPage\",\"@id\":\"https:\/\/saha-pferdestaerken.de\/index.php\/therapien\/\",\"url\":\"https:\/\/saha-pferdestaerken.de\/index.php\/therapien\/\",\"name\":\"Therapien | Ganzheitliche Pferdetherapie Sabine Hampicke\",\"isPartOf\":{\"@id\":\"https:\/\/saha-pferdestaerken.de\/#website\"},\"datePublished\":\"2018-12-28T08:35:45+00:00\",\"dateModified\":\"2021-02-05T06:55:20+00:00\",\"description\":\"Therapieangebot von Ganzheitliche Pferdetherapie Sabine Hampicke. Ich biete Ihnen eine Vielzahl an verschiedenen Therapien an.\",\"breadcrumb\":{\"@id\":\"https:\/\/saha-pferdestaerken.de\/index.php\/therapien\/#breadcrumb\"},\"inLanguage\":\"de\",\"potentialAction\":[{\"@type\":\"ReadAction\",\"target\":[\"https:\/\/saha-pferdestaerken.de\/index.php\/therapien\/\"]}]},{\"@type\":\"BreadcrumbList\",\"@id\":\"https:\/\/saha-pferdestaerken.de\/index.php\/therapien\/#breadcrumb\",\"itemListElement\":[{\"@type\":\"ListItem\",\"position\":1,\"name\":\"Startseite\",\"item\":\"https:\/\/saha-pferdestaerken.de\/\"},{\"@type\":\"ListItem\",\"position\":2,\"name\":\"Therapien\"}]},{\"@type\":\"WebSite\",\"@id\":\"https:\/\/saha-pferdestaerken.de\/#website\",\"url\":\"https:\/\/saha-pferdestaerken.de\/\",\"name\":\"Tierheilpraxis Sabine Hampicke\",\"description\":\"Pferde auf verschiedenen Wegen ganzheitlich st\u00e4rken und im Krankheitsfall Heilung zu unterst\u00fctzen\",\"potentialAction\":[{\"@type\":\"SearchAction\",\"target\":{\"@type\":\"EntryPoint\",\"urlTemplate\":\"https:\/\/saha-pferdestaerken.de\/?s={search_term_string}\"},\"query-input\":{\"@type\":\"PropertyValueSpecification\",\"valueRequired\":true,\"valueName\":\"search_term_string\"}}],\"inLanguage\":\"de\"}]}<\/script>\n<!-- \/ Yoast SEO plugin. -->","yoast_head_json":{"title":"Therapien | Ganzheitliche Pferdetherapie Sabine Hampicke","description":"Therapieangebot von Ganzheitliche Pferdetherapie Sabine Hampicke. Ich biete Ihnen eine Vielzahl an verschiedenen Therapien an.","robots":{"index":"index","follow":"follow","max-snippet":"max-snippet:-1","max-image-preview":"max-image-preview:large","max-video-preview":"max-video-preview:-1"},"canonical":"https:\/\/saha-pferdestaerken.de\/index.php\/therapien\/","og_locale":"de_DE","og_type":"article","og_title":"Therapien | Ganzheitliche Pferdetherapie Sabine Hampicke","og_description":"Therapieangebot von Ganzheitliche Pferdetherapie Sabine Hampicke. Ich biete Ihnen eine Vielzahl an verschiedenen Therapien an.","og_url":"https:\/\/saha-pferdestaerken.de\/index.php\/therapien\/","og_site_name":"Ganzheitliche Pferdetherapie Sabine Hampicke","article_modified_time":"2021-02-05T06:55:20+00:00","twitter_card":"summary_large_image","schema":{"@context":"https:\/\/schema.org","@graph":[{"@type":"WebPage","@id":"https:\/\/saha-pferdestaerken.de\/index.php\/therapien\/","url":"https:\/\/saha-pferdestaerken.de\/index.php\/therapien\/","name":"Therapien | Ganzheitliche Pferdetherapie Sabine Hampicke","isPartOf":{"@id":"https:\/\/saha-pferdestaerken.de\/#website"},"datePublished":"2018-12-28T08:35:45+00:00","dateModified":"2021-02-05T06:55:20+00:00","description":"Therapieangebot von Ganzheitliche Pferdetherapie Sabine Hampicke. Ich biete Ihnen eine Vielzahl an verschiedenen Therapien an.","breadcrumb":{"@id":"https:\/\/saha-pferdestaerken.de\/index.php\/therapien\/#breadcrumb"},"inLanguage":"de","potentialAction":[{"@type":"ReadAction","target":["https:\/\/saha-pferdestaerken.de\/index.php\/therapien\/"]}]},{"@type":"BreadcrumbList","@id":"https:\/\/saha-pferdestaerken.de\/index.php\/therapien\/#breadcrumb","itemListElement":[{"@type":"ListItem","position":1,"name":"Startseite","item":"https:\/\/saha-pferdestaerken.de\/"},{"@type":"ListItem","position":2,"name":"Therapien"}]},{"@type":"WebSite","@id":"https:\/\/saha-pferdestaerken.de\/#website","url":"https:\/\/saha-pferdestaerken.de\/","name":"Tierheilpraxis Sabine Hampicke","description":"Pferde auf verschiedenen Wegen ganzheitlich st\u00e4rken und im Krankheitsfall Heilung zu unterst\u00fctzen","potentialAction":[{"@type":"SearchAction","target":{"@type":"EntryPoint","urlTemplate":"https:\/\/saha-pferdestaerken.de\/?s={search_term_string}"},"query-input":{"@type":"PropertyValueSpecification","valueRequired":true,"valueName":"search_term_string"}}],"inLanguage":"de"}]}},"_links":{"self":[{"href":"https:\/\/saha-pferdestaerken.de\/index.php\/wp-json\/wp\/v2\/pages\/161","targetHints":{"allow":["GET"]}}],"collection":[{"href":"https:\/\/saha-pferdestaerken.de\/index.php\/wp-json\/wp\/v2\/pages"}],"about":[{"href":"https:\/\/saha-pferdestaerken.de\/index.php\/wp-json\/wp\/v2\/types\/page"}],"author":[{"embeddable":true,"href":"https:\/\/saha-pferdestaerken.de\/index.php\/wp-json\/wp\/v2\/users\/6"}],"replies":[{"embeddable":true,"href":"https:\/\/saha-pferdestaerken.de\/index.php\/wp-json\/wp\/v2\/comments?post=161"}],"version-history":[{"count":31,"href":"https:\/\/saha-pferdestaerken.de\/index.php\/wp-json\/wp\/v2\/pages\/161\/revisions"}],"predecessor-version":[{"id":992,"href":"https:\/\/saha-pferdestaerken.de\/index.php\/wp-json\/wp\/v2\/pages\/161\/revisions\/992"}],"wp:attachment":[{"href":"https:\/\/saha-pferdestaerken.de\/index.php\/wp-json\/wp\/v2\/media?parent=161"}],"curies":[{"name":"wp","href":"https:\/\/api.w.org\/{rel}","templated":true}]}}