{"id":403,"date":"2020-05-21T19:51:56","date_gmt":"2020-05-21T17:51:56","guid":{"rendered":"http:\/\/saha-pferdestaerken.local\/?page_id=403"},"modified":"2022-08-11T21:54:49","modified_gmt":"2022-08-11T19:54:49","slug":"chirotherapie","status":"publish","type":"page","link":"https:\/\/saha-pferdestaerken.de\/index.php\/chirotherapie\/","title":{"rendered":"Chirotherapie"},"content":{"rendered":"<h1>Chirotherapie<\/h1>\n<ul>\n<li>\n<p>        <img decoding=\"async\" src=\"\/wp-content\/uploads\/2020\/05\/Chirotherapie_2.jpg\" alt=\"\"><\/p>\n<\/li>\n<li>\n<p>        <img decoding=\"async\" src=\"\/wp-content\/uploads\/2020\/07\/Chriropraktik_03-1.jpg\" alt=\"\"><\/p>\n<\/li>\n<li>\n<p>        <img decoding=\"async\" src=\"\/wp-content\/uploads\/2020\/05\/Startseite_Therapie_800_500.jpg\" alt=\"\"><\/p>\n<\/li>\n<\/ul>\n<div>\n<p class=\"p1\"><span class=\"s1\">Die Chirotherapie basiert auf der funktionellen Neurologie. Sie geht auf die Beziehungen zwischen strukturellen St\u00f6rungen und den daraus resultierenden funktionellen Einschr\u00e4nkungen ein. <\/span><\/p>\n<p class=\"p1\"><span class=\"s1\">Das Behandlungsziel der manuellen Therapie zielt darauf ab, diese St\u00f6rungen zu beheben und die Funktion urs\u00e4chlich wieder herzustellen. Dazu bedarf es auf der einen Seite einer detaillierten Kenntnis des Bewegungsapparates und auf der anderen Seite gerade bei Tieren einer sehr sanften Einf\u00fchlung und einer ganzheitlichen Beziehung zum Tier.\u00a0<\/span><\/p>\n<p>Mit meiner umfassenden Ausbildung und meiner von Grund auf positiven Einstellung helfe ich auch gerne Ihrem Pferd zur Wiederherstellung der Funktionen des &#8222;Bewegungsapparates&#8220;.\u00a0<\/p>\n<p><strong>Sprechen Sie mich gerne an.<\/strong><\/p>\n<p>\u00a0<\/p>\n<\/div>\n<p><!-- {\"type\":\"layout\",\"children\":[{\"type\":\"section\",\"props\":{\"style\":\"default\",\"width\":\"default\",\"vertical_align\":\"middle\",\"title_position\":\"top-left\",\"title_rotation\":\"left\",\"title_breakpoint\":\"xl\",\"image_position\":\"center-center\"},\"children\":[{\"type\":\"row\",\"children\":[{\"type\":\"column\",\"props\":{\"image_position\":\"center-center\",\"media_overlay_gradient\":\"\",\"width_medium\":\"1-1\"},\"children\":[{\"type\":\"headline\",\"props\":{\"title_element\":\"h1\",\"title_style\":\"h1\",\"content\":\"Chirotherapie\"}}]}]},{\"type\":\"row\",\"props\":{\"layout\":\"1-2,1-2\"},\"children\":[{\"type\":\"column\",\"props\":{\"image_position\":\"center-center\",\"media_overlay_gradient\":\"\",\"width_medium\":\"1-2\"},\"children\":[{\"type\":\"slideshow\",\"props\":{\"show_title\":true,\"show_meta\":false,\"show_content\":true,\"show_link\":true,\"show_thumbnail\":true,\"slideshow_min_height\":300,\"slideshow_autoplay_pause\":true,\"nav\":\"dotnav\",\"nav_position\":\"bottom-center\",\"nav_position_margin\":\"medium\",\"nav_align\":\"center\",\"nav_breakpoint\":\"s\",\"thumbnav_width\":\"100\",\"thumbnav_height\":\"75\",\"thumbnav_svg_color\":\"emphasis\",\"slidenav\":\"default\",\"slidenav_margin\":\"medium\",\"slidenav_breakpoint\":\"s\",\"slidenav_outside_breakpoint\":\"xl\",\"overlay_position\":\"center-left\",\"overlay_animation\":\"parallax\",\"title_element\":\"h3\",\"meta_style\":\"meta\",\"meta_align\":\"below-title\",\"link_text\":\"Read more\",\"link_style\":\"default\",\"margin\":\"default\",\"slideshow_height\":\"\",\"slideshow_box_shadow\":\"\",\"slideshow_box_decoration\":\"\",\"slideshow_animation\":\"\",\"slideshow_kenburns\":\"\",\"nav_margin\":\"\",\"nav_color\":\"\",\"slidenav_outside_color\":\"\",\"overlay_container\":\"\",\"overlay_container_padding\":\"\",\"overlay_width\":\"\",\"slideshow_autoplay\":true,\"slideshow_velocity\":\"0.2\"},\"children\":[{\"type\":\"slideshow_item\",\"props\":{\"image\":\"wp-content\\\/uploads\\\/2020\\\/05\\\/Chirotherapie_2.jpg\"}},{\"type\":\"slideshow_item\",\"props\":{\"image\":\"wp-content\\\/uploads\\\/2020\\\/07\\\/Chriropraktik_03-1.jpg\"}},{\"type\":\"slideshow_item\",\"props\":{\"image\":\"wp-content\\\/uploads\\\/2020\\\/05\\\/Startseite_Therapie_800_500.jpg\"}}]}]},{\"type\":\"column\",\"props\":{\"image_position\":\"center-center\",\"media_overlay_gradient\":\"\",\"width_medium\":\"1-2\"},\"children\":[{\"type\":\"text\",\"props\":{\"margin\":\"default\",\"column_breakpoint\":\"m\",\"content\":\"\n\n<p class=\\\"p1\\\"><span class=\\\"s1\\\">Die Chirotherapie basiert auf der funktionellen Neurologie. Sie geht auf die Beziehungen zwischen strukturellen St\\u00f6rungen und den daraus resultierenden funktionellen Einschr\\u00e4nkungen ein. <\\\/span><\\\/p>\\n\n\n<p class=\\\"p1\\\"><span class=\\\"s1\\\">Das Behandlungsziel der manuellen Therapie zielt darauf ab, diese St\\u00f6rungen zu beheben und die Funktion urs\\u00e4chlich wieder herzustellen. Dazu bedarf es auf der einen Seite einer detaillierten Kenntnis des Bewegungsapparates und auf der anderen Seite gerade bei Tieren einer sehr sanften Einf\\u00fchlung und einer ganzheitlichen Beziehung zum Tier.\\u00a0<\\\/span><\\\/p>\\n\n\n<p>Mit meiner umfassenden Ausbildung und meiner von Grund auf positiven Einstellung helfe ich auch gerne Ihrem Pferd zur Wiederherstellung der Funktionen des \\\"Bewegungsapparates\\\".\\u00a0<\\\/p>\\n\n\n<p><strong>Sprechen Sie mich gerne an.<\\\/strong><\\\/p>\\n\n\n<p>\\u00a0<\\\/p>\"}}]}]}],\"name\":\"Grundmuster_Slideshow_Text\"}],\"version\":\"2.1.2\"} --><\/p>\n","protected":false},"excerpt":{"rendered":"<p>Chirotherapie Die Chirotherapie basiert auf der funktionellen Neurologie. Sie geht auf die Beziehungen zwischen strukturellen St\u00f6rungen und den daraus resultierenden funktionellen Einschr\u00e4nkungen ein. Das Behandlungsziel der manuellen Therapie zielt darauf ab, diese St\u00f6rungen zu beheben und die Funktion urs\u00e4chlich wieder herzustellen. Dazu bedarf es auf der einen Seite einer detaillierten Kenntnis des Bewegungsapparates und auf [&hellip;]<\/p>\n","protected":false},"author":6,"featured_media":0,"parent":0,"menu_order":0,"comment_status":"closed","ping_status":"closed","template":"","meta":{"_monsterinsights_skip_tracking":false,"_monsterinsights_sitenote_active":false,"_monsterinsights_sitenote_note":"","_monsterinsights_sitenote_category":0,"footnotes":""},"class_list":["post-403","page","type-page","status-publish","hentry"],"yoast_head":"<!-- This site is optimized with the Yoast SEO plugin v27.2 - https:\/\/yoast.com\/product\/yoast-seo-wordpress\/ -->\n<title>Chirotherapie | Ganzheitliche Pferdetherapie Sabine Hampicke<\/title>\n<meta name=\"description\" content=\"Die Chirotherapie geh\u00f6rt zu den manuellen Therapien. In der Chirotherapie werden Blockaden in den Gelenken aufgesp\u00fcrt und sanft behandelt.\" \/>\n<meta name=\"robots\" content=\"index, follow, max-snippet:-1, max-image-preview:large, max-video-preview:-1\" \/>\n<link rel=\"canonical\" href=\"https:\/\/saha-pferdestaerken.de\/index.php\/chirotherapie\/\" \/>\n<meta property=\"og:locale\" content=\"de_DE\" \/>\n<meta property=\"og:type\" content=\"article\" \/>\n<meta property=\"og:title\" content=\"Chirotherapie | Ganzheitliche Pferdetherapie Sabine Hampicke\" \/>\n<meta property=\"og:description\" content=\"Die Chirotherapie geh\u00f6rt zu den manuellen Therapien. In der Chirotherapie werden Blockaden in den Gelenken aufgesp\u00fcrt und sanft behandelt.\" \/>\n<meta property=\"og:url\" content=\"https:\/\/saha-pferdestaerken.de\/index.php\/chirotherapie\/\" \/>\n<meta property=\"og:site_name\" content=\"Ganzheitliche Pferdetherapie Sabine Hampicke\" \/>\n<meta property=\"article:modified_time\" content=\"2022-08-11T19:54:49+00:00\" \/>\n<meta name=\"twitter:card\" content=\"summary_large_image\" \/>\n<meta name=\"twitter:label1\" content=\"Gesch\u00e4tzte Lesezeit\" \/>\n\t<meta name=\"twitter:data1\" content=\"1\u00a0Minute\" \/>\n<script type=\"application\/ld+json\" class=\"yoast-schema-graph\">{\"@context\":\"https:\/\/schema.org\",\"@graph\":[{\"@type\":\"WebPage\",\"@id\":\"https:\/\/saha-pferdestaerken.de\/index.php\/chirotherapie\/\",\"url\":\"https:\/\/saha-pferdestaerken.de\/index.php\/chirotherapie\/\",\"name\":\"Chirotherapie | Ganzheitliche Pferdetherapie Sabine Hampicke\",\"isPartOf\":{\"@id\":\"https:\/\/saha-pferdestaerken.de\/#website\"},\"datePublished\":\"2020-05-21T17:51:56+00:00\",\"dateModified\":\"2022-08-11T19:54:49+00:00\",\"description\":\"Die Chirotherapie geh\u00f6rt zu den manuellen Therapien. In der Chirotherapie werden Blockaden in den Gelenken aufgesp\u00fcrt und sanft behandelt.\",\"breadcrumb\":{\"@id\":\"https:\/\/saha-pferdestaerken.de\/index.php\/chirotherapie\/#breadcrumb\"},\"inLanguage\":\"de\",\"potentialAction\":[{\"@type\":\"ReadAction\",\"target\":[\"https:\/\/saha-pferdestaerken.de\/index.php\/chirotherapie\/\"]}]},{\"@type\":\"BreadcrumbList\",\"@id\":\"https:\/\/saha-pferdestaerken.de\/index.php\/chirotherapie\/#breadcrumb\",\"itemListElement\":[{\"@type\":\"ListItem\",\"position\":1,\"name\":\"Startseite\",\"item\":\"https:\/\/saha-pferdestaerken.de\/\"},{\"@type\":\"ListItem\",\"position\":2,\"name\":\"Chirotherapie\"}]},{\"@type\":\"WebSite\",\"@id\":\"https:\/\/saha-pferdestaerken.de\/#website\",\"url\":\"https:\/\/saha-pferdestaerken.de\/\",\"name\":\"Tierheilpraxis Sabine Hampicke\",\"description\":\"Pferde auf verschiedenen Wegen ganzheitlich st\u00e4rken und im Krankheitsfall Heilung zu unterst\u00fctzen\",\"potentialAction\":[{\"@type\":\"SearchAction\",\"target\":{\"@type\":\"EntryPoint\",\"urlTemplate\":\"https:\/\/saha-pferdestaerken.de\/?s={search_term_string}\"},\"query-input\":{\"@type\":\"PropertyValueSpecification\",\"valueRequired\":true,\"valueName\":\"search_term_string\"}}],\"inLanguage\":\"de\"}]}<\/script>\n<!-- \/ Yoast SEO plugin. -->","yoast_head_json":{"title":"Chirotherapie | Ganzheitliche Pferdetherapie Sabine Hampicke","description":"Die Chirotherapie geh\u00f6rt zu den manuellen Therapien. In der Chirotherapie werden Blockaden in den Gelenken aufgesp\u00fcrt und sanft behandelt.","robots":{"index":"index","follow":"follow","max-snippet":"max-snippet:-1","max-image-preview":"max-image-preview:large","max-video-preview":"max-video-preview:-1"},"canonical":"https:\/\/saha-pferdestaerken.de\/index.php\/chirotherapie\/","og_locale":"de_DE","og_type":"article","og_title":"Chirotherapie | Ganzheitliche Pferdetherapie Sabine Hampicke","og_description":"Die Chirotherapie geh\u00f6rt zu den manuellen Therapien. In der Chirotherapie werden Blockaden in den Gelenken aufgesp\u00fcrt und sanft behandelt.","og_url":"https:\/\/saha-pferdestaerken.de\/index.php\/chirotherapie\/","og_site_name":"Ganzheitliche Pferdetherapie Sabine Hampicke","article_modified_time":"2022-08-11T19:54:49+00:00","twitter_card":"summary_large_image","twitter_misc":{"Gesch\u00e4tzte Lesezeit":"1\u00a0Minute"},"schema":{"@context":"https:\/\/schema.org","@graph":[{"@type":"WebPage","@id":"https:\/\/saha-pferdestaerken.de\/index.php\/chirotherapie\/","url":"https:\/\/saha-pferdestaerken.de\/index.php\/chirotherapie\/","name":"Chirotherapie | Ganzheitliche Pferdetherapie Sabine Hampicke","isPartOf":{"@id":"https:\/\/saha-pferdestaerken.de\/#website"},"datePublished":"2020-05-21T17:51:56+00:00","dateModified":"2022-08-11T19:54:49+00:00","description":"Die Chirotherapie geh\u00f6rt zu den manuellen Therapien. In der Chirotherapie werden Blockaden in den Gelenken aufgesp\u00fcrt und sanft behandelt.","breadcrumb":{"@id":"https:\/\/saha-pferdestaerken.de\/index.php\/chirotherapie\/#breadcrumb"},"inLanguage":"de","potentialAction":[{"@type":"ReadAction","target":["https:\/\/saha-pferdestaerken.de\/index.php\/chirotherapie\/"]}]},{"@type":"BreadcrumbList","@id":"https:\/\/saha-pferdestaerken.de\/index.php\/chirotherapie\/#breadcrumb","itemListElement":[{"@type":"ListItem","position":1,"name":"Startseite","item":"https:\/\/saha-pferdestaerken.de\/"},{"@type":"ListItem","position":2,"name":"Chirotherapie"}]},{"@type":"WebSite","@id":"https:\/\/saha-pferdestaerken.de\/#website","url":"https:\/\/saha-pferdestaerken.de\/","name":"Tierheilpraxis Sabine Hampicke","description":"Pferde auf verschiedenen Wegen ganzheitlich st\u00e4rken und im Krankheitsfall Heilung zu unterst\u00fctzen","potentialAction":[{"@type":"SearchAction","target":{"@type":"EntryPoint","urlTemplate":"https:\/\/saha-pferdestaerken.de\/?s={search_term_string}"},"query-input":{"@type":"PropertyValueSpecification","valueRequired":true,"valueName":"search_term_string"}}],"inLanguage":"de"}]}},"_links":{"self":[{"href":"https:\/\/saha-pferdestaerken.de\/index.php\/wp-json\/wp\/v2\/pages\/403","targetHints":{"allow":["GET"]}}],"collection":[{"href":"https:\/\/saha-pferdestaerken.de\/index.php\/wp-json\/wp\/v2\/pages"}],"about":[{"href":"https:\/\/saha-pferdestaerken.de\/index.php\/wp-json\/wp\/v2\/types\/page"}],"author":[{"embeddable":true,"href":"https:\/\/saha-pferdestaerken.de\/index.php\/wp-json\/wp\/v2\/users\/6"}],"replies":[{"embeddable":true,"href":"https:\/\/saha-pferdestaerken.de\/index.php\/wp-json\/wp\/v2\/comments?post=403"}],"version-history":[{"count":19,"href":"https:\/\/saha-pferdestaerken.de\/index.php\/wp-json\/wp\/v2\/pages\/403\/revisions"}],"predecessor-version":[{"id":982,"href":"https:\/\/saha-pferdestaerken.de\/index.php\/wp-json\/wp\/v2\/pages\/403\/revisions\/982"}],"wp:attachment":[{"href":"https:\/\/saha-pferdestaerken.de\/index.php\/wp-json\/wp\/v2\/media?parent=403"}],"curies":[{"name":"wp","href":"https:\/\/api.w.org\/{rel}","templated":true}]}}