{"id":443,"date":"2020-05-31T13:16:02","date_gmt":"2020-05-31T11:16:02","guid":{"rendered":"http:\/\/saha-pferdestaerken.local\/?page_id=443"},"modified":"2020-07-26T13:27:44","modified_gmt":"2020-07-26T11:27:44","slug":"low-level-lasertherapie","status":"publish","type":"page","link":"https:\/\/saha-pferdestaerken.de\/index.php\/low-level-lasertherapie\/","title":{"rendered":"Low-Level-Lasertherapie"},"content":{"rendered":"<h1>Low-Level-Lasertherapie<\/h1>\n<div>\n<p>    <img decoding=\"async\" src=\"\/wp-content\/uploads\/2020\/07\/Physiolaser_laser_RJ.jpg\" alt=\"\"><\/p>\n<\/div>\n<div>\n<p>    <img decoding=\"async\" src=\"\/wp-content\/uploads\/2020\/05\/Lasertherapie_800_500.jpg\" alt=\"\"><\/p>\n<\/div>\n<div>\n<p class=\"p1\"><span class=\"s1\">Die Entwicklung der Lasertechnik reicht bis in die Zeit um 1920 zu Albert Einstein zur\u00fcck. Nachdem 1960 der erste Laser gebaut wurde, entwickelte sich die Lasertechnik in Riesenschritten vorw\u00e4rts. Erste medizinische Arbeiten \u00fcber die Behandlung schlecht heilender und chronischer Wunden wurden schon 1968 vom ungarischen Arzt E. Mester verfasst. Heute ist die Low-Level-Lasertherapie durch zahlreiche Studien in ihrer Wirkungsweise sehr gut erforscht. F\u00fcr viele Indikationen gibt es wissenschaftlich anerkannte Wirkungsnachweise.<\/span><\/p>\n<p><span class=\"s1\">Das von mir verwendete Ger\u00e4t von Reimers &amp; Janssen bietet zus\u00e4tzlich die M\u00f6glichkeit der Therapie mit individuell angepassten Frequenzen \u00fcber den RAC an.<\/span><\/p>\n<p class=\"p1\"><span class=\"s1\"><b>Diese Therapie ist absolut schmerzfrei.\u00a0<\/b><\/span><\/p>\n<h5 class=\"p2\"><span class=\"s1\">Was ist Laserlicht?<\/span><\/h5>\n<p class=\"p3\"><span class=\"s1\">Laserlicht ist ein Licht mit besonderen Eigenschaften. Dieses Licht, welches aufgrund seiner physikalischen Eigenschaften sehr energiereich ist, kann sichtbar als auch nicht sichtbar sein. Durch den hohen Energiegehalt und die besonderen Eigenschaften erreicht man bei bestimmten Erkrankungen sehr gute therapeutische Wirkungen.<\/span><\/p>\n<h5 class=\"p2\"><span class=\"s1\">Wie wirkt die Softlaser-Therapie?<\/span><\/h5>\n<p class=\"p3\"><span class=\"s1\">Die Low-Level-Lasertherapie ist eine photomedizinische Regulationstherapie. Durch die Bestrahlung wird elektromagnetische Energie an den Ort der Bestrahlung gebracht und dort in biochemische Energie umgewandelt. Damit wird eine Beeinflussung des Zellstoffwechsels von gest\u00f6rten oder gesch\u00e4digten Zellen erreicht.<br \/>In den Zellen werden verschiedene biochemische Vorg\u00e4nge aktiviert, wobei die Mitochondrien bei der Beschreibung der zellul\u00e4ren Wirkmechanismen der Lasertherapie eine zentrale Stellung einnehmen. Dies dient der verbesserten Abwehr der Erkrankung und in der Folge der rascheren Abheilung. Klinische Effekte:<\/span><\/p>\n<ul class=\"ul1\">\n<li class=\"li4\"><span class=\"s1\">Schmerzlinderung<\/span><\/li>\n<li class=\"li4\"><span class=\"s1\">Durchblutungsf\u00f6rderung<\/span><\/li>\n<li class=\"li4\"><span class=\"s1\">Verminderung von Entz\u00fcndungen<\/span><\/li>\n<li class=\"li4\"><span class=\"s1\">Beschleunigung\u00a0der Wundheilung<\/span><\/li>\n<li class=\"li4\"><span class=\"s1\">Verminderung von Schwellungen<\/span><\/li>\n<li class=\"li4\"><span class=\"s1\">Verminderung des Infektionsrisikos<\/span><\/li>\n<\/ul>\n<h5 class=\"p1\"><span class=\"s1\">Anwendungen \/ Indikationen <\/span><\/h5>\n<p class=\"p6\"><span class=\"s1\">Die Low-Level-Lasertherapie wird in nahezu allen Teilbereichen der Medizin erfolgreich eingesetzt. Zahlreiche Studien und langj\u00e4hrige, klinische Erfahrungen belegen die Wirksamkeit der Low-Level-Lasertherapie.<\/span><\/p>\n<p class=\"p6\"><span class=\"s1\">Nachfolgend ein Auszug aus den umfangreichen Anwendungsm\u00f6glichkeiten im Veterin\u00e4rbereich:<\/span><\/p>\n<ul>\n<li class=\"p6\"><span class=\"s1\"><b>Dermatologie:<\/b><br \/>Ekzeme, Mauke, Raspe, Sommerekzeme, Dermatits, Phlegmone, Abszess, Hot Spot, Narbenentst\u00f6rung, Juckreiz, &#8230;.<br \/><\/span><\/li>\n<li class=\"p6\"><span class=\"s1\"><b>Orthop\u00e4die:<\/b><br \/>Arthrosen (Gelenksabn\u00fctzungen), Gelenkentz\u00fcndungen, Entz\u00fcndungen des St\u00fctz- und Bewegungsapparates, Tendinitis, Infizierte Gelenk- und Sehnenscheidenentz\u00fcndungen, Lahmheiten, Hufrehe, Kissing Spine, Myopathien, R\u00fcckenschmerzen, Hufrollenentz\u00fcndung, Knochenbr\u00fcche &#8230;<\/span><\/li>\n<li class=\"p6\"><span class=\"s1\"><b>HNO\/ Atemwegserkrangungen \/ Herz-Kreislauferkrangungen:<\/b><br \/>Sinusitis (Nebenh\u00f6hlen- und Stirnh\u00f6hlenentz\u00fcndung), Otitis media (Mittelohrentz\u00fcndung), COB, Kehlkopfentz\u00fcndung, Infektionen, Bronchitis, Herzerkrankungen<br \/><\/span><\/li>\n<li class=\"p6\"><span class=\"s1\"><b>Sportmedizin:<\/b><br \/>Bluterg\u00fcsse, Prellungen, Zerrungen, Verstauchungen, Muskelverletzungen, <br \/><\/span><\/li>\n<li class=\"p6\"><span class=\"s1\"><b>Wundbehandlung:<\/b><br \/>Wunden, postoperative Wundbehandlung, frische und schlecht heilende Wunden, Keloide, H\u00e4matome<\/span><\/li>\n<li class=\"p6\"><span class=\"s1\"><b>Neurologie:<\/b><br \/>Nervenschmerzen, Ataxie, Behandlung chronischer und akuter Schmerzzust\u00e4nde, Neuralgien, Cauda Equina, &#8230;<\/span><\/li>\n<li class=\"p6\"><span class=\"s1\"><b>Gyn\u00e4kologie und Urologie:<\/b><br \/>Wunde Mastitis, Geburtshilfe, Nabelentz\u00fcndungen, Schleimhautentz\u00fcndungen, \u2026<\/span><\/li>\n<li>u.v.m.<\/li>\n<\/ul>\n<h5 class=\"p2\"><span class=\"s1\">Behandlungsablauf<\/span><\/h5>\n<p class=\"p6\"><span class=\"s1\">Die Low-Level-Lasertherapie wird bei vielen Indikationen haupts\u00e4chlich lokal angewendet. Dabei wird der zu behandelnde Bereich f\u00fcr eine bestimmte Zeit der Laserstrahlung ausgesetzt, wobei die Bestrahlung, abh\u00e4ngig von der gestellten Diagnose, als Fl\u00e4chen- oder Punktbestrahlung erfolgt.<\/span><\/p>\n<p class=\"p6\"><span class=\"s1\">Die Dauer der Bestrahlung ist abh\u00e4ngig von der Gr\u00f6\u00dfe der betroffenen Fl\u00e4che, der Leistung des Lasers und der zugef\u00fchrten Energiemenge und wird unter Ber\u00fccksichtigung dieser Faktoren berechnet.<\/span><\/p>\n<p class=\"p6\"><span class=\"s1\">Die Erh\u00f6hung der Energiemenge durch eine l\u00e4ngere Bestrahlungsdauer ist nicht sinnvoll und \u00fcberfl\u00fcssig, da die Zellen nur eine bestimmte Energiemenge umsetzen k\u00f6nnen. <br \/><\/span><\/p>\n<h5 class=\"p2\"><span class=\"s1\">Nebenwirkungen<\/span><\/h5>\n<p class=\"p6\"><span class=\"s1\">Es ist wissenschaftlich erwiesen, dass die Low-Level-Lasertherapie bei korrekter Anwendung keine Nebenwirkungen verursacht. Lediglich die Augen sollten durch einen speziellen Schutz vor den Laserstrahlen gesch\u00fctzt werden, da diese sonst besch\u00e4digt werden k\u00f6nnten.<\/span><\/p>\n<h5>Studien zur Low-Level-Lasertherapie\u00a0<\/h5>\n<p><a href=\"http:\/\/saha-pferdestaerken.local\/wp-content\/uploads\/2020\/07\/Laserakupunktur-C.O.B.-der-Pferde.pdf\">Laserakupunktur C.O.B. der Pferde<\/a><\/p>\n<\/div>\n<p><!-- {\"type\":\"layout\",\"children\":[{\"type\":\"section\",\"props\":{\"style\":\"default\",\"width\":\"default\",\"vertical_align\":\"middle\",\"title_position\":\"top-left\",\"title_rotation\":\"left\",\"title_breakpoint\":\"xl\",\"image_position\":\"center-center\",\"padding_remove_bottom\":true},\"children\":[{\"type\":\"row\",\"children\":[{\"type\":\"column\",\"props\":{\"image_position\":\"center-center\",\"media_overlay_gradient\":\"\",\"width_medium\":\"1-1\"},\"children\":[{\"type\":\"headline\",\"props\":{\"title_element\":\"h1\",\"title_style\":\"h1\",\"content\":\"Low-Level-Lasertherapie\"}}]}]},{\"type\":\"row\",\"props\":{\"layout\":\"1-2,1-2\"},\"children\":[{\"type\":\"column\",\"props\":{\"image_position\":\"center-center\",\"media_overlay_gradient\":\"\",\"width_medium\":\"1-2\"},\"children\":[{\"type\":\"slideshow\",\"props\":{\"show_title\":true,\"show_meta\":false,\"show_content\":true,\"show_link\":true,\"show_thumbnail\":true,\"slideshow_min_height\":300,\"slideshow_autoplay_pause\":true,\"nav\":\"dotnav\",\"nav_position\":\"bottom-center\",\"nav_position_margin\":\"medium\",\"nav_align\":\"center\",\"nav_breakpoint\":\"s\",\"thumbnav_width\":\"100\",\"thumbnav_height\":\"75\",\"thumbnav_svg_color\":\"emphasis\",\"slidenav\":\"default\",\"slidenav_margin\":\"medium\",\"slidenav_breakpoint\":\"s\",\"slidenav_outside_breakpoint\":\"xl\",\"overlay_position\":\"center-left\",\"overlay_animation\":\"parallax\",\"title_element\":\"h3\",\"meta_style\":\"meta\",\"meta_align\":\"below-title\",\"link_text\":\"Read more\",\"link_style\":\"default\",\"margin\":\"default\",\"slideshow_height\":\"\",\"slideshow_box_shadow\":\"\",\"slideshow_box_decoration\":\"\",\"slideshow_animation\":\"\",\"slideshow_kenburns\":\"\",\"nav_margin\":\"\",\"nav_color\":\"\",\"slidenav_outside_color\":\"\",\"overlay_container\":\"\",\"overlay_container_padding\":\"\",\"overlay_width\":\"\",\"slideshow_autoplay\":false,\"nav_below\":false},\"children\":[{\"type\":\"slideshow_item\",\"props\":{\"image\":\"wp-content\\\/uploads\\\/2020\\\/07\\\/Physiolaser_laser_RJ.jpg\"}}]}]},{\"type\":\"column\",\"props\":{\"image_position\":\"center-center\",\"media_overlay_gradient\":\"\",\"width_medium\":\"1-2\"},\"children\":[{\"type\":\"slideshow\",\"props\":{\"show_title\":true,\"show_meta\":false,\"show_content\":true,\"show_link\":true,\"show_thumbnail\":true,\"slideshow_min_height\":300,\"slideshow_autoplay_pause\":true,\"nav\":\"dotnav\",\"nav_position\":\"bottom-center\",\"nav_position_margin\":\"medium\",\"nav_align\":\"center\",\"nav_breakpoint\":\"s\",\"thumbnav_width\":\"100\",\"thumbnav_height\":\"75\",\"thumbnav_svg_color\":\"emphasis\",\"slidenav\":\"default\",\"slidenav_margin\":\"medium\",\"slidenav_breakpoint\":\"s\",\"slidenav_outside_breakpoint\":\"xl\",\"overlay_position\":\"center-left\",\"overlay_animation\":\"parallax\",\"title_element\":\"h3\",\"meta_style\":\"meta\",\"meta_align\":\"below-title\",\"link_text\":\"Read more\",\"link_style\":\"default\",\"margin\":\"default\",\"slideshow_height\":\"\",\"slideshow_box_shadow\":\"\",\"slideshow_box_decoration\":\"\",\"slideshow_animation\":\"\",\"slideshow_kenburns\":\"\",\"nav_margin\":\"\",\"nav_color\":\"\",\"slidenav_outside_color\":\"\",\"overlay_container\":\"\",\"overlay_container_padding\":\"\",\"overlay_width\":\"\",\"slideshow_autoplay\":false,\"nav_below\":false},\"children\":[{\"type\":\"slideshow_item\",\"props\":{\"image\":\"wp-content\\\/uploads\\\/2020\\\/05\\\/Lasertherapie_800_500.jpg\"}}]}]}]}],\"name\":\"Grundmuster_Slideshow_Text\"},{\"type\":\"section\",\"props\":{\"style\":\"default\",\"width\":\"default\",\"vertical_align\":\"middle\",\"title_position\":\"top-left\",\"title_rotation\":\"left\",\"title_breakpoint\":\"xl\",\"image_position\":\"center-center\"},\"children\":[{\"type\":\"row\",\"children\":[{\"type\":\"column\",\"props\":{\"image_position\":\"center-center\",\"media_overlay_gradient\":\"\",\"width_medium\":\"1-1\"},\"children\":[{\"type\":\"text\",\"props\":{\"margin\":\"default\",\"column_breakpoint\":\"m\",\"column\":\"1-2\",\"content\":\"\n\n<p class=\\\"p1\\\"><span class=\\\"s1\\\">Die Entwicklung der Lasertechnik reicht bis in die Zeit um 1920 zu Albert Einstein zur\\u00fcck. Nachdem 1960 der erste Laser gebaut wurde, entwickelte sich die Lasertechnik in Riesenschritten vorw\\u00e4rts. Erste medizinische Arbeiten \\u00fcber die Behandlung schlecht heilender und chronischer Wunden wurden schon 1968 vom ungarischen Arzt E. Mester verfasst. Heute ist die Low-Level-Lasertherapie durch zahlreiche Studien in ihrer Wirkungsweise sehr gut erforscht. F\\u00fcr viele Indikationen gibt es wissenschaftlich anerkannte Wirkungsnachweise.<\\\/span><\\\/p>\\n\n\n<p><span class=\\\"s1\\\">Das von mir verwendete Ger\\u00e4t von Reimers &amp; Janssen bietet zus\\u00e4tzlich die M\\u00f6glichkeit der Therapie mit individuell angepassten Frequenzen \\u00fcber den RAC an.<\\\/span><\\\/p>\\n\n\n<p class=\\\"p1\\\"><span class=\\\"s1\\\"><b>Diese Therapie ist absolut schmerzfrei.\\u00a0<\\\/b><\\\/span><\\\/p>\\n\n\n<h5 class=\\\"p2\\\"><span class=\\\"s1\\\">Was ist Laserlicht?<\\\/span><\\\/h5>\\n\n\n<p class=\\\"p3\\\"><span class=\\\"s1\\\">Laserlicht ist ein Licht mit besonderen Eigenschaften. Dieses Licht, welches aufgrund seiner physikalischen Eigenschaften sehr energiereich ist, kann sichtbar als auch nicht sichtbar sein. Durch den hohen Energiegehalt und die besonderen Eigenschaften erreicht man bei bestimmten Erkrankungen sehr gute therapeutische Wirkungen.<\\\/span><\\\/p>\\n\n\n<h5 class=\\\"p2\\\"><span class=\\\"s1\\\">Wie wirkt die Softlaser-Therapie?<\\\/span><\\\/h5>\\n\n\n<p class=\\\"p3\\\"><span class=\\\"s1\\\">Die Low-Level-Lasertherapie ist eine photomedizinische Regulationstherapie. Durch die Bestrahlung wird elektromagnetische Energie an den Ort der Bestrahlung gebracht und dort in biochemische Energie umgewandelt. Damit wird eine Beeinflussung des Zellstoffwechsels von gest\\u00f6rten oder gesch\\u00e4digten Zellen erreicht.<br \\\/>In den Zellen werden verschiedene biochemische Vorg\\u00e4nge aktiviert, wobei die Mitochondrien bei der Beschreibung der zellul\\u00e4ren Wirkmechanismen der Lasertherapie eine zentrale Stellung einnehmen. Dies dient der verbesserten Abwehr der Erkrankung und in der Folge der rascheren Abheilung. Klinische Effekte:<\\\/span><\\\/p>\\n\n\n<ul class=\\\"ul1\\\">\\n\n\n<li class=\\\"li4\\\"><span class=\\\"s1\\\">Schmerzlinderung<\\\/span><\\\/li>\\n\n\n<li class=\\\"li4\\\"><span class=\\\"s1\\\">Durchblutungsf\\u00f6rderung<\\\/span><\\\/li>\\n\n\n<li class=\\\"li4\\\"><span class=\\\"s1\\\">Verminderung von Entz\\u00fcndungen<\\\/span><\\\/li>\\n\n\n<li class=\\\"li4\\\"><span class=\\\"s1\\\">Beschleunigung\\u00a0der Wundheilung<\\\/span><\\\/li>\\n\n\n<li class=\\\"li4\\\"><span class=\\\"s1\\\">Verminderung von Schwellungen<\\\/span><\\\/li>\\n\n\n<li class=\\\"li4\\\"><span class=\\\"s1\\\">Verminderung des Infektionsrisikos<\\\/span><\\\/li>\\n<\\\/ul>\\n\n\n<h5 class=\\\"p1\\\"><span class=\\\"s1\\\">Anwendungen \\\/ Indikationen <\\\/span><\\\/h5>\\n\n\n<p class=\\\"p6\\\"><span class=\\\"s1\\\">Die Low-Level-Lasertherapie wird in nahezu allen Teilbereichen der Medizin erfolgreich eingesetzt. Zahlreiche Studien und langj\\u00e4hrige, klinische Erfahrungen belegen die Wirksamkeit der Low-Level-Lasertherapie.<\\\/span><\\\/p>\\n\n\n<p class=\\\"p6\\\"><span class=\\\"s1\\\">Nachfolgend ein Auszug aus den umfangreichen Anwendungsm\\u00f6glichkeiten im Veterin\\u00e4rbereich:<\\\/span><\\\/p>\\n\n\n<ul>\\n\n\n<li class=\\\"p6\\\"><span class=\\\"s1\\\"><b>Dermatologie:<\\\/b><br \\\/>Ekzeme, Mauke, Raspe, Sommerekzeme, Dermatits, Phlegmone, Abszess, Hot Spot, Narbenentst\\u00f6rung, Juckreiz, ....<br \\\/><\\\/span><\\\/li>\\n\n\n<li class=\\\"p6\\\"><span class=\\\"s1\\\"><b>Orthop\\u00e4die:<\\\/b><br \\\/>Arthrosen (Gelenksabn\\u00fctzungen), Gelenkentz\\u00fcndungen, Entz\\u00fcndungen des St\\u00fctz- und Bewegungsapparates, Tendinitis, Infizierte Gelenk- und Sehnenscheidenentz\\u00fcndungen, Lahmheiten, Hufrehe, Kissing Spine, Myopathien, R\\u00fcckenschmerzen, Hufrollenentz\\u00fcndung, Knochenbr\\u00fcche ...<\\\/span><\\\/li>\\n\n\n<li class=\\\"p6\\\"><span class=\\\"s1\\\"><b>HNO\\\/ Atemwegserkrangungen \\\/ Herz-Kreislauferkrangungen:<\\\/b><br \\\/>Sinusitis (Nebenh\\u00f6hlen- und Stirnh\\u00f6hlenentz\\u00fcndung), Otitis media (Mittelohrentz\\u00fcndung), COB, Kehlkopfentz\\u00fcndung, Infektionen, Bronchitis, Herzerkrankungen<br \\\/><\\\/span><\\\/li>\\n\n\n<li class=\\\"p6\\\"><span class=\\\"s1\\\"><b>Sportmedizin:<\\\/b><br \\\/>Bluterg\\u00fcsse, Prellungen, Zerrungen, Verstauchungen, Muskelverletzungen, <br \\\/><\\\/span><\\\/li>\\n\n\n<li class=\\\"p6\\\"><span class=\\\"s1\\\"><b>Wundbehandlung:<\\\/b><br \\\/>Wunden, postoperative Wundbehandlung, frische und schlecht heilende Wunden, Keloide, H\\u00e4matome<\\\/span><\\\/li>\\n\n\n<li class=\\\"p6\\\"><span class=\\\"s1\\\"><b>Neurologie:<\\\/b><br \\\/>Nervenschmerzen, Ataxie, Behandlung chronischer und akuter Schmerzzust\\u00e4nde, Neuralgien, Cauda Equina, ...<\\\/span><\\\/li>\\n\n\n<li class=\\\"p6\\\"><span class=\\\"s1\\\"><b>Gyn\\u00e4kologie und Urologie:<\\\/b><br \\\/>Wunde Mastitis, Geburtshilfe, Nabelentz\\u00fcndungen, Schleimhautentz\\u00fcndungen, \\u2026<\\\/span><\\\/li>\\n\n\n<li>u.v.m.<\\\/li>\\n<\\\/ul>\\n\n\n<h5 class=\\\"p2\\\"><span class=\\\"s1\\\">Behandlungsablauf<\\\/span><\\\/h5>\\n\n\n<p class=\\\"p6\\\"><span class=\\\"s1\\\">Die Low-Level-Lasertherapie wird bei vielen Indikationen haupts\\u00e4chlich lokal angewendet. Dabei wird der zu behandelnde Bereich f\\u00fcr eine bestimmte Zeit der Laserstrahlung ausgesetzt, wobei die Bestrahlung, abh\\u00e4ngig von der gestellten Diagnose, als Fl\\u00e4chen- oder Punktbestrahlung erfolgt.<\\\/span><\\\/p>\\n\n\n<p class=\\\"p6\\\"><span class=\\\"s1\\\">Die Dauer der Bestrahlung ist abh\\u00e4ngig von der Gr\\u00f6\\u00dfe der betroffenen Fl\\u00e4che, der Leistung des Lasers und der zugef\\u00fchrten Energiemenge und wird unter Ber\\u00fccksichtigung dieser Faktoren berechnet.<\\\/span><\\\/p>\\n\n\n<p class=\\\"p6\\\"><span class=\\\"s1\\\">Die Erh\\u00f6hung der Energiemenge durch eine l\\u00e4ngere Bestrahlungsdauer ist nicht sinnvoll und \\u00fcberfl\\u00fcssig, da die Zellen nur eine bestimmte Energiemenge umsetzen k\\u00f6nnen. <br \\\/><\\\/span><\\\/p>\\n\n\n<h5 class=\\\"p2\\\"><span class=\\\"s1\\\">Nebenwirkungen<\\\/span><\\\/h5>\\n\n\n<p class=\\\"p6\\\"><span class=\\\"s1\\\">Es ist wissenschaftlich erwiesen, dass die Low-Level-Lasertherapie bei korrekter Anwendung keine Nebenwirkungen verursacht. Lediglich die Augen sollten durch einen speziellen Schutz vor den Laserstrahlen gesch\\u00fctzt werden, da diese sonst besch\\u00e4digt werden k\\u00f6nnten.<\\\/span><\\\/p>\\n\n\n<h5>Studien zur Low-Level-Lasertherapie\\u00a0<\\\/h5>\\n\n\n<p><a href=\\\"http:\\\/\\\/saha-pferdestaerken.local\\\/wp-content\\\/uploads\\\/2020\\\/07\\\/Laserakupunktur-C.O.B.-der-Pferde.pdf\\\">Laserakupunktur C.O.B. der Pferde<\\\/a><\\\/p>\",\"margin_remove_top\":true},\"name\":\"Text zweispaltig\"}]}]}],\"name\":\"Text zweispaltig\"}],\"version\":\"2.1.2\"} --><\/p>\n","protected":false},"excerpt":{"rendered":"<p>Low-Level-Lasertherapie Die Entwicklung der Lasertechnik reicht bis in die Zeit um 1920 zu Albert Einstein zur\u00fcck. Nachdem 1960 der erste Laser gebaut wurde, entwickelte sich die Lasertechnik in Riesenschritten vorw\u00e4rts. Erste medizinische Arbeiten \u00fcber die Behandlung schlecht heilender und chronischer Wunden wurden schon 1968 vom ungarischen Arzt E. Mester verfasst. Heute ist die Low-Level-Lasertherapie durch [&hellip;]<\/p>\n","protected":false},"author":6,"featured_media":0,"parent":0,"menu_order":0,"comment_status":"closed","ping_status":"closed","template":"","meta":{"_monsterinsights_skip_tracking":false,"_monsterinsights_sitenote_active":false,"_monsterinsights_sitenote_note":"","_monsterinsights_sitenote_category":0,"footnotes":""},"class_list":["post-443","page","type-page","status-publish","hentry"],"yoast_head":"<!-- This site is optimized with the Yoast SEO plugin v27.2 - https:\/\/yoast.com\/product\/yoast-seo-wordpress\/ -->\n<title>Low-Level-Lasertherapie | Ganzheitliche Pferdetherapie Sabine Hampicke<\/title>\n<meta name=\"robots\" content=\"index, follow, max-snippet:-1, max-image-preview:large, max-video-preview:-1\" \/>\n<link rel=\"canonical\" href=\"https:\/\/saha-pferdestaerken.de\/index.php\/low-level-lasertherapie\/\" \/>\n<meta property=\"og:locale\" content=\"de_DE\" \/>\n<meta property=\"og:type\" content=\"article\" \/>\n<meta property=\"og:title\" content=\"Low-Level-Lasertherapie | Ganzheitliche Pferdetherapie Sabine Hampicke\" \/>\n<meta property=\"og:description\" content=\"Low-Level-Lasertherapie Die Entwicklung der Lasertechnik reicht bis in die Zeit um 1920 zu Albert Einstein zur\u00fcck. Nachdem 1960 der erste Laser gebaut wurde, entwickelte sich die Lasertechnik in Riesenschritten vorw\u00e4rts. Erste medizinische Arbeiten \u00fcber die Behandlung schlecht heilender und chronischer Wunden wurden schon 1968 vom ungarischen Arzt E. Mester verfasst. Heute ist die Low-Level-Lasertherapie durch [&hellip;]\" \/>\n<meta property=\"og:url\" content=\"https:\/\/saha-pferdestaerken.de\/index.php\/low-level-lasertherapie\/\" \/>\n<meta property=\"og:site_name\" content=\"Ganzheitliche Pferdetherapie Sabine Hampicke\" \/>\n<meta property=\"article:modified_time\" content=\"2020-07-26T11:27:44+00:00\" \/>\n<meta name=\"twitter:card\" content=\"summary_large_image\" \/>\n<meta name=\"twitter:label1\" content=\"Gesch\u00e4tzte Lesezeit\" \/>\n\t<meta name=\"twitter:data1\" content=\"3\u00a0Minuten\" \/>\n<script type=\"application\/ld+json\" class=\"yoast-schema-graph\">{\"@context\":\"https:\/\/schema.org\",\"@graph\":[{\"@type\":\"WebPage\",\"@id\":\"https:\/\/saha-pferdestaerken.de\/index.php\/low-level-lasertherapie\/\",\"url\":\"https:\/\/saha-pferdestaerken.de\/index.php\/low-level-lasertherapie\/\",\"name\":\"Low-Level-Lasertherapie | Ganzheitliche Pferdetherapie Sabine Hampicke\",\"isPartOf\":{\"@id\":\"https:\/\/saha-pferdestaerken.de\/#website\"},\"datePublished\":\"2020-05-31T11:16:02+00:00\",\"dateModified\":\"2020-07-26T11:27:44+00:00\",\"breadcrumb\":{\"@id\":\"https:\/\/saha-pferdestaerken.de\/index.php\/low-level-lasertherapie\/#breadcrumb\"},\"inLanguage\":\"de\",\"potentialAction\":[{\"@type\":\"ReadAction\",\"target\":[\"https:\/\/saha-pferdestaerken.de\/index.php\/low-level-lasertherapie\/\"]}]},{\"@type\":\"BreadcrumbList\",\"@id\":\"https:\/\/saha-pferdestaerken.de\/index.php\/low-level-lasertherapie\/#breadcrumb\",\"itemListElement\":[{\"@type\":\"ListItem\",\"position\":1,\"name\":\"Startseite\",\"item\":\"https:\/\/saha-pferdestaerken.de\/\"},{\"@type\":\"ListItem\",\"position\":2,\"name\":\"Low-Level-Lasertherapie\"}]},{\"@type\":\"WebSite\",\"@id\":\"https:\/\/saha-pferdestaerken.de\/#website\",\"url\":\"https:\/\/saha-pferdestaerken.de\/\",\"name\":\"Tierheilpraxis Sabine Hampicke\",\"description\":\"Pferde auf verschiedenen Wegen ganzheitlich st\u00e4rken und im Krankheitsfall Heilung zu unterst\u00fctzen\",\"potentialAction\":[{\"@type\":\"SearchAction\",\"target\":{\"@type\":\"EntryPoint\",\"urlTemplate\":\"https:\/\/saha-pferdestaerken.de\/?s={search_term_string}\"},\"query-input\":{\"@type\":\"PropertyValueSpecification\",\"valueRequired\":true,\"valueName\":\"search_term_string\"}}],\"inLanguage\":\"de\"}]}<\/script>\n<!-- \/ Yoast SEO plugin. -->","yoast_head_json":{"title":"Low-Level-Lasertherapie | Ganzheitliche Pferdetherapie Sabine Hampicke","robots":{"index":"index","follow":"follow","max-snippet":"max-snippet:-1","max-image-preview":"max-image-preview:large","max-video-preview":"max-video-preview:-1"},"canonical":"https:\/\/saha-pferdestaerken.de\/index.php\/low-level-lasertherapie\/","og_locale":"de_DE","og_type":"article","og_title":"Low-Level-Lasertherapie | Ganzheitliche Pferdetherapie Sabine Hampicke","og_description":"Low-Level-Lasertherapie Die Entwicklung der Lasertechnik reicht bis in die Zeit um 1920 zu Albert Einstein zur\u00fcck. Nachdem 1960 der erste Laser gebaut wurde, entwickelte sich die Lasertechnik in Riesenschritten vorw\u00e4rts. Erste medizinische Arbeiten \u00fcber die Behandlung schlecht heilender und chronischer Wunden wurden schon 1968 vom ungarischen Arzt E. Mester verfasst. Heute ist die Low-Level-Lasertherapie durch [&hellip;]","og_url":"https:\/\/saha-pferdestaerken.de\/index.php\/low-level-lasertherapie\/","og_site_name":"Ganzheitliche Pferdetherapie Sabine Hampicke","article_modified_time":"2020-07-26T11:27:44+00:00","twitter_card":"summary_large_image","twitter_misc":{"Gesch\u00e4tzte Lesezeit":"3\u00a0Minuten"},"schema":{"@context":"https:\/\/schema.org","@graph":[{"@type":"WebPage","@id":"https:\/\/saha-pferdestaerken.de\/index.php\/low-level-lasertherapie\/","url":"https:\/\/saha-pferdestaerken.de\/index.php\/low-level-lasertherapie\/","name":"Low-Level-Lasertherapie | Ganzheitliche Pferdetherapie Sabine Hampicke","isPartOf":{"@id":"https:\/\/saha-pferdestaerken.de\/#website"},"datePublished":"2020-05-31T11:16:02+00:00","dateModified":"2020-07-26T11:27:44+00:00","breadcrumb":{"@id":"https:\/\/saha-pferdestaerken.de\/index.php\/low-level-lasertherapie\/#breadcrumb"},"inLanguage":"de","potentialAction":[{"@type":"ReadAction","target":["https:\/\/saha-pferdestaerken.de\/index.php\/low-level-lasertherapie\/"]}]},{"@type":"BreadcrumbList","@id":"https:\/\/saha-pferdestaerken.de\/index.php\/low-level-lasertherapie\/#breadcrumb","itemListElement":[{"@type":"ListItem","position":1,"name":"Startseite","item":"https:\/\/saha-pferdestaerken.de\/"},{"@type":"ListItem","position":2,"name":"Low-Level-Lasertherapie"}]},{"@type":"WebSite","@id":"https:\/\/saha-pferdestaerken.de\/#website","url":"https:\/\/saha-pferdestaerken.de\/","name":"Tierheilpraxis Sabine Hampicke","description":"Pferde auf verschiedenen Wegen ganzheitlich st\u00e4rken und im Krankheitsfall Heilung zu unterst\u00fctzen","potentialAction":[{"@type":"SearchAction","target":{"@type":"EntryPoint","urlTemplate":"https:\/\/saha-pferdestaerken.de\/?s={search_term_string}"},"query-input":{"@type":"PropertyValueSpecification","valueRequired":true,"valueName":"search_term_string"}}],"inLanguage":"de"}]}},"_links":{"self":[{"href":"https:\/\/saha-pferdestaerken.de\/index.php\/wp-json\/wp\/v2\/pages\/443","targetHints":{"allow":["GET"]}}],"collection":[{"href":"https:\/\/saha-pferdestaerken.de\/index.php\/wp-json\/wp\/v2\/pages"}],"about":[{"href":"https:\/\/saha-pferdestaerken.de\/index.php\/wp-json\/wp\/v2\/types\/page"}],"author":[{"embeddable":true,"href":"https:\/\/saha-pferdestaerken.de\/index.php\/wp-json\/wp\/v2\/users\/6"}],"replies":[{"embeddable":true,"href":"https:\/\/saha-pferdestaerken.de\/index.php\/wp-json\/wp\/v2\/comments?post=443"}],"version-history":[{"count":36,"href":"https:\/\/saha-pferdestaerken.de\/index.php\/wp-json\/wp\/v2\/pages\/443\/revisions"}],"predecessor-version":[{"id":1010,"href":"https:\/\/saha-pferdestaerken.de\/index.php\/wp-json\/wp\/v2\/pages\/443\/revisions\/1010"}],"wp:attachment":[{"href":"https:\/\/saha-pferdestaerken.de\/index.php\/wp-json\/wp\/v2\/media?parent=443"}],"curies":[{"name":"wp","href":"https:\/\/api.w.org\/{rel}","templated":true}]}}