{"id":450,"date":"2020-05-31T14:02:39","date_gmt":"2020-05-31T12:02:39","guid":{"rendered":"http:\/\/saha-pferdestaerken.local\/?page_id=450"},"modified":"2023-02-07T11:27:59","modified_gmt":"2023-02-07T10:27:59","slug":"bioresonanz-therapie","status":"publish","type":"page","link":"https:\/\/saha-pferdestaerken.de\/index.php\/bioresonanz-therapie\/","title":{"rendered":"Bioresonanz-Therapie"},"content":{"rendered":"<h1>Bioresonanz-Therapie<\/h1>\n<ul>\n<li>\n<p>        <img decoding=\"async\" src=\"\/wp-content\/uploads\/2020\/06\/Bioresonanztherapie_1_800_500.jpg\" alt=\"\"><\/p>\n<\/li>\n<li>\n<p>        <img decoding=\"async\" src=\"\/wp-content\/uploads\/2020\/05\/Bild2-zu-Bioresonanztherapie_800_500.jpg\" alt=\"\"><\/p>\n<\/li>\n<\/ul>\n<div>\n<p><strong>Bioresonanz-Therapie biete ich auch f\u00fcr Hunde an.<\/strong><\/p>\n<\/div>\n<div>\n<h3 class=\"p2\"><span class=\"s1\">Bioresonanz ist eine Informationstherapie. <\/span><\/h3>\n<p class=\"p2\"><span class=\"s1\">Dabei werden die gest\u00f6rten (krankmachenden) Schwingungsmuster gemessen und \u00fcber entsprechende gesunde Schwingungsmuster therapiert.\u00a0<\/span><span class=\"s1\">Bildlich gesprochen wirken \u00e4hnliche physikalische Grundprinzipien, wie bei einer<span class=\"Apple-converted-space\">\u00a0 <\/span>Stimmgabel: Gleiche Schwingungen gehen in Resonanz, ungleiche nicht.<\/span><\/p>\n<p class=\"p2\"><span class=\"s1\">Vereinfacht ausgedr\u00fcckt wird unsere Haut in der\u00a0 Sonne braun, da die Hautzellen auf den Frequenzbereich der elektromagnetischen Wellen der Sonnenstahlung reagieren.\u00a0<\/span><\/p>\n<p class=\"p2\"><span class=\"s1\">Die Methode der Bioresonanz ist mittlerweile durch das Frauenhofer Institut nachgewiesen.<\/span><\/p>\n<p class=\"p3\"><span class=\"s1\"><b>Einsatzm\u00f6glichkeiten f\u00fcr die Bioresonanz:<\/b><\/span><\/p>\n<ul>\n<li class=\"p2\"><span class=\"s1\">Aufdecken von Ursachen, die zu Symptomen f\u00fchren<\/span><\/li>\n<li class=\"p2\"><span class=\"s1\">Umfassende Messungen und Analysen bis hin zur Futterberatung\u00a0<\/span><\/li>\n<\/ul>\n<p class=\"p2\"><span class=\"s1\">Ein Beispiel: H\u00e4ufig ist es nicht n\u00f6tig, teure Zusatzfuttermittel zu f\u00fcttern, wenn das Hufwachstum eingeschr\u00e4nkt ist, weil in der kausalen Kette die Leber durch zu viele Schadstoffe im K\u00f6rper \u00fcberlastet ist. Manchmal sind die Zellen auch gar nicht in der Lage, das Angebot aufzunehmen. Die Bioresonanz gibt hier einen Aufschlu\u00df \u00fcber m\u00f6gliche Ursachen.<\/span><\/p>\n<p class=\"p1\"><span class=\"s1\"><b>Bioresonanz ist eine perfekte Methode f\u00fcr: <\/b><\/span><\/p>\n<ul>\n<li class=\"p1\"><span class=\"s1\"><b>N\u00e4hrstoffanalyse und Futteroptimierung<\/b><\/span><\/li>\n<li class=\"p1\"><span class=\"s1\"><b>Leistungsoptimierung<\/b><\/span><\/li>\n<li><strong>Allergien<\/strong><\/li>\n<li class=\"p1\"><span class=\"s1\"><b>Stre\u00dfreduktion<\/b><\/span><\/li>\n<li><strong>Energieaufbau<\/strong><\/li>\n<li><strong>unterst\u00fctzende Therapie zahlreicher Erkrankungen<\/strong><\/li>\n<li><strong>Schmerztherapie<\/strong><\/li>\n<li class=\"p1\"><span class=\"s1\"><b>Pr\u00e4vention <br \/><\/b><\/span><\/li>\n<li><strong>Coachinganalyse in der Tier\/Besitzerbeziehung<\/strong><\/li>\n<\/ul>\n<p class=\"p1\"><span class=\"s1\">Die Bioresonanzaustestung bietet zus\u00e4tzlich die M\u00f6glichkeit, in gewissem Sinne mit Ihrem Tier &#8222;zu kommunizieren&#8220;, was die Erkrankung bzw.\u00a0 Symptomatik<\/span><span class=\"s2\"> betrifft.\u00a0<\/span><\/p>\n<p>Noch mehr erf\u00e4hrst du unter<\/p>\n<p><a href=\"http:\/\/www.saha-bioresonanz.com\">http:\/\/www.saha-bioresonanz.com<\/a><\/p>\n<\/p>\n<\/div>\n<p><!--more--><br \/>\n<!-- {\"type\":\"layout\",\"children\":[{\"type\":\"section\",\"props\":{\"style\":\"default\",\"width\":\"default\",\"vertical_align\":\"middle\",\"title_position\":\"top-left\",\"title_rotation\":\"left\",\"title_breakpoint\":\"xl\",\"image_position\":\"center-center\"},\"children\":[{\"type\":\"row\",\"children\":[{\"type\":\"column\",\"props\":{\"image_position\":\"center-center\",\"media_overlay_gradient\":\"\",\"width_medium\":\"1-1\",\"position_sticky_breakpoint\":\"m\"},\"children\":[{\"type\":\"headline\",\"props\":{\"title_element\":\"h1\",\"title_style\":\"h1\",\"content\":\"Bioresonanz-Therapie\"}}]}]},{\"type\":\"row\",\"props\":{\"layout\":\"1-2,1-2\"},\"children\":[{\"type\":\"column\",\"props\":{\"image_position\":\"center-center\",\"media_overlay_gradient\":\"\",\"width_medium\":\"1-2\",\"position_sticky_breakpoint\":\"m\"},\"children\":[{\"type\":\"slideshow\",\"props\":{\"show_title\":true,\"show_meta\":false,\"show_content\":true,\"show_link\":true,\"show_thumbnail\":true,\"slideshow_min_height\":300,\"slideshow_autoplay_pause\":true,\"nav\":\"dotnav\",\"nav_position\":\"bottom-center\",\"nav_position_margin\":\"medium\",\"nav_align\":\"center\",\"nav_breakpoint\":\"s\",\"thumbnav_width\":\"100\",\"thumbnav_height\":\"75\",\"thumbnav_svg_color\":\"emphasis\",\"slidenav\":\"default\",\"slidenav_margin\":\"medium\",\"slidenav_breakpoint\":\"s\",\"slidenav_outside_breakpoint\":\"xl\",\"overlay_position\":\"center-left\",\"overlay_animation\":\"parallax\",\"title_element\":\"h3\",\"meta_style\":\"meta\",\"meta_align\":\"below-title\",\"link_text\":\"Read more\",\"link_style\":\"default\",\"margin\":\"default\",\"slideshow_height\":\"\",\"slideshow_box_shadow\":\"\",\"slideshow_box_decoration\":\"\",\"slideshow_animation\":\"\",\"slideshow_kenburns\":\"\",\"nav_margin\":\"\",\"nav_color\":\"\",\"slidenav_outside_color\":\"\",\"overlay_container\":\"\",\"overlay_container_padding\":\"\",\"overlay_width\":\"\",\"slideshow_autoplay\":true,\"slideshow_velocity\":\"0.2\",\"meta_element\":\"div\"},\"children\":[{\"type\":\"slideshow_item\",\"props\":{\"image\":\"wp-content\\\/uploads\\\/2020\\\/06\\\/Bioresonanztherapie_1_800_500.jpg\"}},{\"type\":\"slideshow_item\",\"props\":{\"image\":\"wp-content\\\/uploads\\\/2020\\\/05\\\/Bild2-zu-Bioresonanztherapie_800_500.jpg\"}}]},{\"type\":\"text\",\"props\":{\"margin\":\"default\",\"column_breakpoint\":\"m\",\"content\":\"\n\n<p><strong>Bioresonanz-Therapie biete ich auch f\\u00fcr Hunde an.<\\\/strong><\\\/p>\"}}]},{\"type\":\"column\",\"props\":{\"image_position\":\"center-center\",\"media_overlay_gradient\":\"\",\"width_medium\":\"1-2\",\"position_sticky_breakpoint\":\"m\"},\"children\":[{\"type\":\"text\",\"props\":{\"margin\":\"default\",\"column_breakpoint\":\"m\",\"content\":\"\n\n<h3 class=\\\"p2\\\"><span class=\\\"s1\\\">Bioresonanz ist eine Informationstherapie. <\\\/span><\\\/h3>\\n\n\n<p class=\\\"p2\\\"><span class=\\\"s1\\\">Dabei werden die gest\\u00f6rten (krankmachenden) Schwingungsmuster gemessen und \\u00fcber entsprechende gesunde Schwingungsmuster therapiert.\\u00a0<\\\/span><span class=\\\"s1\\\">Bildlich gesprochen wirken \\u00e4hnliche physikalische Grundprinzipien, wie bei einer<span class=\\\"Apple-converted-space\\\">\\u00a0 <\\\/span>Stimmgabel: Gleiche Schwingungen gehen in Resonanz, ungleiche nicht.<\\\/span><\\\/p>\\n\n\n<p class=\\\"p2\\\"><span class=\\\"s1\\\">Vereinfacht ausgedr\\u00fcckt wird unsere Haut in der\\u00a0 Sonne braun, da die Hautzellen auf den Frequenzbereich der elektromagnetischen Wellen der Sonnenstahlung reagieren.\\u00a0<\\\/span><\\\/p>\\n\n\n<p class=\\\"p2\\\"><span class=\\\"s1\\\">Die Methode der Bioresonanz ist mittlerweile durch das Frauenhofer Institut nachgewiesen.<\\\/span><\\\/p>\\n\n\n<p class=\\\"p3\\\"><span class=\\\"s1\\\"><b>Einsatzm\\u00f6glichkeiten f\\u00fcr die Bioresonanz:<\\\/b><\\\/span><\\\/p>\\n\n\n<ul>\\n\n\n<li class=\\\"p2\\\"><span class=\\\"s1\\\">Aufdecken von Ursachen, die zu Symptomen f\\u00fchren<\\\/span><\\\/li>\\n\n\n<li class=\\\"p2\\\"><span class=\\\"s1\\\">Umfassende Messungen und Analysen bis hin zur Futterberatung\\u00a0<\\\/span><\\\/li>\\n<\\\/ul>\\n\n\n<p class=\\\"p2\\\"><span class=\\\"s1\\\">Ein Beispiel: H\\u00e4ufig ist es nicht n\\u00f6tig, teure Zusatzfuttermittel zu f\\u00fcttern, wenn das Hufwachstum eingeschr\\u00e4nkt ist, weil in der kausalen Kette die Leber durch zu viele Schadstoffe im K\\u00f6rper \\u00fcberlastet ist. Manchmal sind die Zellen auch gar nicht in der Lage, das Angebot aufzunehmen. Die Bioresonanz gibt hier einen Aufschlu\\u00df \\u00fcber m\\u00f6gliche Ursachen.<\\\/span><\\\/p>\\n\n\n<p class=\\\"p1\\\"><span class=\\\"s1\\\"><b>Bioresonanz ist eine perfekte Methode f\\u00fcr: <\\\/b><\\\/span><\\\/p>\\n\n\n<ul>\\n\n\n<li class=\\\"p1\\\"><span class=\\\"s1\\\"><b>N\\u00e4hrstoffanalyse und Futteroptimierung<\\\/b><\\\/span><\\\/li>\\n\n\n<li class=\\\"p1\\\"><span class=\\\"s1\\\"><b>Leistungsoptimierung<\\\/b><\\\/span><\\\/li>\\n\n\n<li><strong>Allergien<\\\/strong><\\\/li>\\n\n\n<li class=\\\"p1\\\"><span class=\\\"s1\\\"><b>Stre\\u00dfreduktion<\\\/b><\\\/span><\\\/li>\\n\n\n<li><strong>Energieaufbau<\\\/strong><\\\/li>\\n\n\n<li><strong>unterst\\u00fctzende Therapie zahlreicher Erkrankungen<\\\/strong><\\\/li>\\n\n\n<li><strong>Schmerztherapie<\\\/strong><\\\/li>\\n\n\n<li class=\\\"p1\\\"><span class=\\\"s1\\\"><b>Pr\\u00e4vention <br \\\/><\\\/b><\\\/span><\\\/li>\\n\n\n<li><strong>Coachinganalyse in der Tier\\\/Besitzerbeziehung<\\\/strong><\\\/li>\\n<\\\/ul>\\n\n\n<p class=\\\"p1\\\"><span class=\\\"s1\\\">Die Bioresonanzaustestung bietet zus\\u00e4tzlich die M\\u00f6glichkeit, in gewissem Sinne mit Ihrem Tier \\\"zu kommunizieren\\\", was die Erkrankung bzw.\\u00a0 Symptomatik<\\\/span><span class=\\\"s2\\\"> betrifft.\\u00a0<\\\/span><\\\/p>\\n\n\n<p>Noch mehr erf\\u00e4hrst du unter<\\\/p>\\n\n\n<p><a href=\\\"http:\\\/\\\/www.saha-bioresonanz.com\\\">http:\\\/\\\/www.saha-bioresonanz.com<\\\/a><\\\/p>\\n\n\n<p><\\\/p>\"}}]}]}],\"name\":\"Grundmuster_Slideshow_Text\"}],\"version\":\"2.7.26\"} --><\/p>\n","protected":false},"excerpt":{"rendered":"<p>Bioresonanz-Therapie Bioresonanz-Therapie biete ich auch f\u00fcr Hunde an. Bioresonanz ist eine Informationstherapie. Dabei werden die gest\u00f6rten (krankmachenden) Schwingungsmuster gemessen und \u00fcber entsprechende gesunde Schwingungsmuster therapiert.\u00a0Bildlich gesprochen wirken \u00e4hnliche physikalische Grundprinzipien, wie bei einer\u00a0 Stimmgabel: Gleiche Schwingungen gehen in Resonanz, ungleiche nicht. Vereinfacht ausgedr\u00fcckt wird unsere Haut in der\u00a0 Sonne braun, da die Hautzellen auf den [&hellip;]<\/p>\n","protected":false},"author":6,"featured_media":0,"parent":0,"menu_order":0,"comment_status":"closed","ping_status":"closed","template":"","meta":{"_monsterinsights_skip_tracking":false,"_monsterinsights_sitenote_active":false,"_monsterinsights_sitenote_note":"","_monsterinsights_sitenote_category":0,"footnotes":""},"class_list":["post-450","page","type-page","status-publish","hentry"],"yoast_head":"<!-- This site is optimized with the Yoast SEO plugin v27.2 - https:\/\/yoast.com\/product\/yoast-seo-wordpress\/ -->\n<title>Bioresonanz-Therapie | Ganzheitliche Pferdetherapie Sabine Hampicke<\/title>\n<meta name=\"description\" content=\"Einsath von Blutegeln bei Ekzemen, Wunden, Arthritis, Arthrose, Prellungen, Sehnenerkrankungen, R\u00fcckenschmerzen und H\u00e4matomen\" \/>\n<meta name=\"robots\" content=\"index, follow, max-snippet:-1, max-image-preview:large, max-video-preview:-1\" \/>\n<link rel=\"canonical\" href=\"https:\/\/saha-pferdestaerken.de\/index.php\/bioresonanz-therapie\/\" \/>\n<meta property=\"og:locale\" content=\"de_DE\" \/>\n<meta property=\"og:type\" content=\"article\" \/>\n<meta property=\"og:title\" content=\"Bioresonanz-Therapie | Ganzheitliche Pferdetherapie Sabine Hampicke\" \/>\n<meta property=\"og:description\" content=\"Einsath von Blutegeln bei Ekzemen, Wunden, Arthritis, Arthrose, Prellungen, Sehnenerkrankungen, R\u00fcckenschmerzen und H\u00e4matomen\" \/>\n<meta property=\"og:url\" content=\"https:\/\/saha-pferdestaerken.de\/index.php\/bioresonanz-therapie\/\" \/>\n<meta property=\"og:site_name\" content=\"Ganzheitliche Pferdetherapie Sabine Hampicke\" \/>\n<meta property=\"article:modified_time\" content=\"2023-02-07T10:27:59+00:00\" \/>\n<meta name=\"twitter:card\" content=\"summary_large_image\" \/>\n<meta name=\"twitter:label1\" content=\"Gesch\u00e4tzte Lesezeit\" \/>\n\t<meta name=\"twitter:data1\" content=\"1\u00a0Minute\" \/>\n<script type=\"application\/ld+json\" class=\"yoast-schema-graph\">{\"@context\":\"https:\/\/schema.org\",\"@graph\":[{\"@type\":\"WebPage\",\"@id\":\"https:\/\/saha-pferdestaerken.de\/index.php\/bioresonanz-therapie\/\",\"url\":\"https:\/\/saha-pferdestaerken.de\/index.php\/bioresonanz-therapie\/\",\"name\":\"Bioresonanz-Therapie | Ganzheitliche Pferdetherapie Sabine Hampicke\",\"isPartOf\":{\"@id\":\"https:\/\/saha-pferdestaerken.de\/#website\"},\"datePublished\":\"2020-05-31T12:02:39+00:00\",\"dateModified\":\"2023-02-07T10:27:59+00:00\",\"description\":\"Einsath von Blutegeln bei Ekzemen, Wunden, Arthritis, Arthrose, Prellungen, Sehnenerkrankungen, R\u00fcckenschmerzen und H\u00e4matomen\",\"breadcrumb\":{\"@id\":\"https:\/\/saha-pferdestaerken.de\/index.php\/bioresonanz-therapie\/#breadcrumb\"},\"inLanguage\":\"de\",\"potentialAction\":[{\"@type\":\"ReadAction\",\"target\":[\"https:\/\/saha-pferdestaerken.de\/index.php\/bioresonanz-therapie\/\"]}]},{\"@type\":\"BreadcrumbList\",\"@id\":\"https:\/\/saha-pferdestaerken.de\/index.php\/bioresonanz-therapie\/#breadcrumb\",\"itemListElement\":[{\"@type\":\"ListItem\",\"position\":1,\"name\":\"Startseite\",\"item\":\"https:\/\/saha-pferdestaerken.de\/\"},{\"@type\":\"ListItem\",\"position\":2,\"name\":\"Bioresonanz-Therapie\"}]},{\"@type\":\"WebSite\",\"@id\":\"https:\/\/saha-pferdestaerken.de\/#website\",\"url\":\"https:\/\/saha-pferdestaerken.de\/\",\"name\":\"Tierheilpraxis Sabine Hampicke\",\"description\":\"Pferde auf verschiedenen Wegen ganzheitlich st\u00e4rken und im Krankheitsfall Heilung zu unterst\u00fctzen\",\"potentialAction\":[{\"@type\":\"SearchAction\",\"target\":{\"@type\":\"EntryPoint\",\"urlTemplate\":\"https:\/\/saha-pferdestaerken.de\/?s={search_term_string}\"},\"query-input\":{\"@type\":\"PropertyValueSpecification\",\"valueRequired\":true,\"valueName\":\"search_term_string\"}}],\"inLanguage\":\"de\"}]}<\/script>\n<!-- \/ Yoast SEO plugin. -->","yoast_head_json":{"title":"Bioresonanz-Therapie | Ganzheitliche Pferdetherapie Sabine Hampicke","description":"Einsath von Blutegeln bei Ekzemen, Wunden, Arthritis, Arthrose, Prellungen, Sehnenerkrankungen, R\u00fcckenschmerzen und H\u00e4matomen","robots":{"index":"index","follow":"follow","max-snippet":"max-snippet:-1","max-image-preview":"max-image-preview:large","max-video-preview":"max-video-preview:-1"},"canonical":"https:\/\/saha-pferdestaerken.de\/index.php\/bioresonanz-therapie\/","og_locale":"de_DE","og_type":"article","og_title":"Bioresonanz-Therapie | Ganzheitliche Pferdetherapie Sabine Hampicke","og_description":"Einsath von Blutegeln bei Ekzemen, Wunden, Arthritis, Arthrose, Prellungen, Sehnenerkrankungen, R\u00fcckenschmerzen und H\u00e4matomen","og_url":"https:\/\/saha-pferdestaerken.de\/index.php\/bioresonanz-therapie\/","og_site_name":"Ganzheitliche Pferdetherapie Sabine Hampicke","article_modified_time":"2023-02-07T10:27:59+00:00","twitter_card":"summary_large_image","twitter_misc":{"Gesch\u00e4tzte Lesezeit":"1\u00a0Minute"},"schema":{"@context":"https:\/\/schema.org","@graph":[{"@type":"WebPage","@id":"https:\/\/saha-pferdestaerken.de\/index.php\/bioresonanz-therapie\/","url":"https:\/\/saha-pferdestaerken.de\/index.php\/bioresonanz-therapie\/","name":"Bioresonanz-Therapie | Ganzheitliche Pferdetherapie Sabine Hampicke","isPartOf":{"@id":"https:\/\/saha-pferdestaerken.de\/#website"},"datePublished":"2020-05-31T12:02:39+00:00","dateModified":"2023-02-07T10:27:59+00:00","description":"Einsath von Blutegeln bei Ekzemen, Wunden, Arthritis, Arthrose, Prellungen, Sehnenerkrankungen, R\u00fcckenschmerzen und H\u00e4matomen","breadcrumb":{"@id":"https:\/\/saha-pferdestaerken.de\/index.php\/bioresonanz-therapie\/#breadcrumb"},"inLanguage":"de","potentialAction":[{"@type":"ReadAction","target":["https:\/\/saha-pferdestaerken.de\/index.php\/bioresonanz-therapie\/"]}]},{"@type":"BreadcrumbList","@id":"https:\/\/saha-pferdestaerken.de\/index.php\/bioresonanz-therapie\/#breadcrumb","itemListElement":[{"@type":"ListItem","position":1,"name":"Startseite","item":"https:\/\/saha-pferdestaerken.de\/"},{"@type":"ListItem","position":2,"name":"Bioresonanz-Therapie"}]},{"@type":"WebSite","@id":"https:\/\/saha-pferdestaerken.de\/#website","url":"https:\/\/saha-pferdestaerken.de\/","name":"Tierheilpraxis Sabine Hampicke","description":"Pferde auf verschiedenen Wegen ganzheitlich st\u00e4rken und im Krankheitsfall Heilung zu unterst\u00fctzen","potentialAction":[{"@type":"SearchAction","target":{"@type":"EntryPoint","urlTemplate":"https:\/\/saha-pferdestaerken.de\/?s={search_term_string}"},"query-input":{"@type":"PropertyValueSpecification","valueRequired":true,"valueName":"search_term_string"}}],"inLanguage":"de"}]}},"_links":{"self":[{"href":"https:\/\/saha-pferdestaerken.de\/index.php\/wp-json\/wp\/v2\/pages\/450","targetHints":{"allow":["GET"]}}],"collection":[{"href":"https:\/\/saha-pferdestaerken.de\/index.php\/wp-json\/wp\/v2\/pages"}],"about":[{"href":"https:\/\/saha-pferdestaerken.de\/index.php\/wp-json\/wp\/v2\/types\/page"}],"author":[{"embeddable":true,"href":"https:\/\/saha-pferdestaerken.de\/index.php\/wp-json\/wp\/v2\/users\/6"}],"replies":[{"embeddable":true,"href":"https:\/\/saha-pferdestaerken.de\/index.php\/wp-json\/wp\/v2\/comments?post=450"}],"version-history":[{"count":21,"href":"https:\/\/saha-pferdestaerken.de\/index.php\/wp-json\/wp\/v2\/pages\/450\/revisions"}],"predecessor-version":[{"id":1071,"href":"https:\/\/saha-pferdestaerken.de\/index.php\/wp-json\/wp\/v2\/pages\/450\/revisions\/1071"}],"wp:attachment":[{"href":"https:\/\/saha-pferdestaerken.de\/index.php\/wp-json\/wp\/v2\/media?parent=450"}],"curies":[{"name":"wp","href":"https:\/\/api.w.org\/{rel}","templated":true}]}}