{"id":467,"date":"2020-06-01T22:54:26","date_gmt":"2020-06-01T20:54:26","guid":{"rendered":"http:\/\/saha-pferdestaerken.local\/?page_id=467"},"modified":"2022-08-11T21:51:09","modified_gmt":"2022-08-11T19:51:09","slug":"blutegel","status":"publish","type":"page","link":"https:\/\/saha-pferdestaerken.de\/index.php\/blutegel\/","title":{"rendered":"Blutegel"},"content":{"rendered":"<h1>Blutegel<\/h1>\n<div>\n<p>    <img decoding=\"async\" src=\"\/wp-content\/uploads\/2020\/06\/Blutegel_800_500_01.jpg\" alt=\"\"><\/p>\n<\/div>\n<div>\n<p class=\"p2\"><span class=\"s1\">Die Behandlung mit Blutegeln geh\u00f6rt seit Jahrhunderten zur Erfahrungsmedizin. Blutegel werden in der Naturheilkunde sehr erfolgreich zur Behandlung verschiedener Krankheiten eingesetzt. Ihr therapeutischer Nutzen besteht vor allem in einem Mikroaderlass. Dazu befindet sich im Speichel eines Blutegels ein au\u00dfergew\u00f6hnlicher Cocktail, der sowohl entz\u00fcndungshemmend als auch schmerzlindernd wirkt.<\/span><\/p>\n<h5>Indikationen f\u00fcr eine Blutegelbehandlung:<\/h5>\n<ul>\n<li>Arthrose<\/li>\n<li>Arthrits<\/li>\n<li>Podotrochlose<\/li>\n<li>akute Huflederhautentz\u00fcndung<\/li>\n<li>Hufrehe<\/li>\n<li>bessere Wundheilung nach Operationen<\/li>\n<li>schlecht heilende Wunden<\/li>\n<li>Thrombose<\/li>\n<li>\u00d6deme<\/li>\n<li>alle Formen von Entz\u00fcndungsprozessen<\/li>\n<li>Spondylosen<\/li>\n<li>H\u00e4matome<\/li>\n<li>Verkalkungen<\/li>\n<li>Zerrungen<\/li>\n<li>Melanome<\/li>\n<li>uvm.<\/li>\n<\/ul>\n<\/div>\n<p><!-- {\"type\":\"layout\",\"children\":[{\"type\":\"section\",\"props\":{\"style\":\"default\",\"width\":\"default\",\"vertical_align\":\"middle\",\"title_position\":\"top-left\",\"title_rotation\":\"left\",\"title_breakpoint\":\"xl\",\"image_position\":\"center-center\"},\"children\":[{\"type\":\"row\",\"children\":[{\"type\":\"column\",\"props\":{\"image_position\":\"center-center\",\"media_overlay_gradient\":\"\",\"width_medium\":\"1-1\"},\"children\":[{\"type\":\"headline\",\"props\":{\"title_element\":\"h1\",\"title_style\":\"h1\",\"content\":\"Blutegel\"}}]}]},{\"type\":\"row\",\"props\":{\"layout\":\"1-2,1-2\"},\"children\":[{\"type\":\"column\",\"props\":{\"image_position\":\"center-center\",\"media_overlay_gradient\":\"\",\"width_medium\":\"1-2\"},\"children\":[{\"type\":\"slideshow\",\"props\":{\"show_title\":true,\"show_meta\":true,\"show_content\":true,\"show_link\":true,\"show_thumbnail\":true,\"slideshow_min_height\":300,\"slideshow_autoplay_pause\":true,\"nav\":\"dotnav\",\"nav_position\":\"bottom-center\",\"nav_position_margin\":\"medium\",\"nav_align\":\"center\",\"nav_breakpoint\":\"s\",\"thumbnav_width\":\"100\",\"thumbnav_height\":\"75\",\"thumbnav_svg_color\":\"emphasis\",\"slidenav\":\"default\",\"slidenav_margin\":\"medium\",\"slidenav_breakpoint\":\"s\",\"slidenav_outside_breakpoint\":\"xl\",\"overlay_position\":\"center-left\",\"overlay_animation\":\"parallax\",\"title_element\":\"h3\",\"meta_style\":\"meta\",\"meta_align\":\"below-title\",\"link_text\":\"Read more\",\"link_style\":\"default\",\"margin\":\"default\",\"slideshow_height\":\"\",\"slideshow_box_shadow\":\"\",\"slideshow_box_decoration\":\"\",\"slideshow_animation\":\"\",\"slideshow_kenburns\":\"\",\"nav_margin\":\"\",\"nav_color\":\"\",\"slidenav_outside_color\":\"\",\"overlay_container\":\"\",\"overlay_container_padding\":\"\",\"overlay_width\":\"\"},\"children\":[{\"type\":\"slideshow_item\",\"props\":{\"image\":\"wp-content\\\/uploads\\\/2020\\\/06\\\/Blutegel_800_500_01.jpg\"}}]}]},{\"type\":\"column\",\"props\":{\"image_position\":\"center-center\",\"media_overlay_gradient\":\"\",\"width_medium\":\"1-2\"},\"children\":[{\"type\":\"text\",\"props\":{\"margin\":\"default\",\"column_breakpoint\":\"m\",\"content\":\"\n\n<p class=\\\"p2\\\"><span class=\\\"s1\\\">Die Behandlung mit Blutegeln geh\\u00f6rt seit Jahrhunderten zur Erfahrungsmedizin. Blutegel werden in der Naturheilkunde sehr erfolgreich zur Behandlung verschiedener Krankheiten eingesetzt. Ihr therapeutischer Nutzen besteht vor allem in einem Mikroaderlass. Dazu befindet sich im Speichel eines Blutegels ein au\\u00dfergew\\u00f6hnlicher Cocktail, der sowohl entz\\u00fcndungshemmend als auch schmerzlindernd wirkt.<\\\/span><\\\/p>\\n\n\n<h5>Indikationen f\\u00fcr eine Blutegelbehandlung:<\\\/h5>\\n\n\n<ul>\\n\n\n<li>Arthrose<\\\/li>\\n\n\n<li>Arthrits<\\\/li>\\n\n\n<li>Podotrochlose<\\\/li>\\n\n\n<li>akute Huflederhautentz\\u00fcndung<\\\/li>\\n\n\n<li>Hufrehe<\\\/li>\\n\n\n<li>bessere Wundheilung nach Operationen<\\\/li>\\n\n\n<li>schlecht heilende Wunden<\\\/li>\\n\n\n<li>Thrombose<\\\/li>\\n\n\n<li>\\u00d6deme<\\\/li>\\n\n\n<li>alle Formen von Entz\\u00fcndungsprozessen<\\\/li>\\n\n\n<li>Spondylosen<\\\/li>\\n\n\n<li>H\\u00e4matome<\\\/li>\\n\n\n<li>Verkalkungen<\\\/li>\\n\n\n<li>Zerrungen<\\\/li>\\n\n\n<li>Melanome<\\\/li>\\n\n\n<li>uvm.<\\\/li>\\n<\\\/ul>\"}}]}]}],\"name\":\"Grundmuster_Slideshow_Text\"}],\"version\":\"2.1.2\"} --><\/p>\n","protected":false},"excerpt":{"rendered":"<p>Blutegel Die Behandlung mit Blutegeln geh\u00f6rt seit Jahrhunderten zur Erfahrungsmedizin. Blutegel werden in der Naturheilkunde sehr erfolgreich zur Behandlung verschiedener Krankheiten eingesetzt. Ihr therapeutischer Nutzen besteht vor allem in einem Mikroaderlass. Dazu befindet sich im Speichel eines Blutegels ein au\u00dfergew\u00f6hnlicher Cocktail, der sowohl entz\u00fcndungshemmend als auch schmerzlindernd wirkt. Indikationen f\u00fcr eine Blutegelbehandlung: Arthrose Arthrits Podotrochlose [&hellip;]<\/p>\n","protected":false},"author":6,"featured_media":0,"parent":0,"menu_order":0,"comment_status":"closed","ping_status":"closed","template":"","meta":{"_monsterinsights_skip_tracking":false,"_monsterinsights_sitenote_active":false,"_monsterinsights_sitenote_note":"","_monsterinsights_sitenote_category":0,"footnotes":""},"class_list":["post-467","page","type-page","status-publish","hentry"],"yoast_head":"<!-- This site is optimized with the Yoast SEO plugin v27.2 - https:\/\/yoast.com\/product\/yoast-seo-wordpress\/ -->\n<title>Blutegel | Ganzheitliche Pferdetherapie Sabine Hampicke<\/title>\n<meta name=\"description\" content=\"Einsatz von Blutegel bei Wunden, Ekzemen, Prellungen, Sehnenerkrankungen, H\u00e4matom, Arthritis, R\u00fcckenerkrankungen und Arthrose.\" \/>\n<meta name=\"robots\" content=\"index, follow, max-snippet:-1, max-image-preview:large, max-video-preview:-1\" \/>\n<link rel=\"canonical\" href=\"https:\/\/saha-pferdestaerken.de\/index.php\/blutegel\/\" \/>\n<meta property=\"og:locale\" content=\"de_DE\" \/>\n<meta property=\"og:type\" content=\"article\" \/>\n<meta property=\"og:title\" content=\"Blutegel | Ganzheitliche Pferdetherapie Sabine Hampicke\" \/>\n<meta property=\"og:description\" content=\"Einsatz von Blutegel bei Wunden, Ekzemen, Prellungen, Sehnenerkrankungen, H\u00e4matom, Arthritis, R\u00fcckenerkrankungen und Arthrose.\" \/>\n<meta property=\"og:url\" content=\"https:\/\/saha-pferdestaerken.de\/index.php\/blutegel\/\" \/>\n<meta property=\"og:site_name\" content=\"Ganzheitliche Pferdetherapie Sabine Hampicke\" \/>\n<meta property=\"article:modified_time\" content=\"2022-08-11T19:51:09+00:00\" \/>\n<meta name=\"twitter:card\" content=\"summary_large_image\" \/>\n<script type=\"application\/ld+json\" class=\"yoast-schema-graph\">{\"@context\":\"https:\/\/schema.org\",\"@graph\":[{\"@type\":\"WebPage\",\"@id\":\"https:\/\/saha-pferdestaerken.de\/index.php\/blutegel\/\",\"url\":\"https:\/\/saha-pferdestaerken.de\/index.php\/blutegel\/\",\"name\":\"Blutegel | Ganzheitliche Pferdetherapie Sabine Hampicke\",\"isPartOf\":{\"@id\":\"https:\/\/saha-pferdestaerken.de\/#website\"},\"datePublished\":\"2020-06-01T20:54:26+00:00\",\"dateModified\":\"2022-08-11T19:51:09+00:00\",\"description\":\"Einsatz von Blutegel bei Wunden, Ekzemen, Prellungen, Sehnenerkrankungen, H\u00e4matom, Arthritis, R\u00fcckenerkrankungen und Arthrose.\",\"breadcrumb\":{\"@id\":\"https:\/\/saha-pferdestaerken.de\/index.php\/blutegel\/#breadcrumb\"},\"inLanguage\":\"de\",\"potentialAction\":[{\"@type\":\"ReadAction\",\"target\":[\"https:\/\/saha-pferdestaerken.de\/index.php\/blutegel\/\"]}]},{\"@type\":\"BreadcrumbList\",\"@id\":\"https:\/\/saha-pferdestaerken.de\/index.php\/blutegel\/#breadcrumb\",\"itemListElement\":[{\"@type\":\"ListItem\",\"position\":1,\"name\":\"Startseite\",\"item\":\"https:\/\/saha-pferdestaerken.de\/\"},{\"@type\":\"ListItem\",\"position\":2,\"name\":\"Blutegel\"}]},{\"@type\":\"WebSite\",\"@id\":\"https:\/\/saha-pferdestaerken.de\/#website\",\"url\":\"https:\/\/saha-pferdestaerken.de\/\",\"name\":\"Tierheilpraxis Sabine Hampicke\",\"description\":\"Pferde auf verschiedenen Wegen ganzheitlich st\u00e4rken und im Krankheitsfall Heilung zu unterst\u00fctzen\",\"potentialAction\":[{\"@type\":\"SearchAction\",\"target\":{\"@type\":\"EntryPoint\",\"urlTemplate\":\"https:\/\/saha-pferdestaerken.de\/?s={search_term_string}\"},\"query-input\":{\"@type\":\"PropertyValueSpecification\",\"valueRequired\":true,\"valueName\":\"search_term_string\"}}],\"inLanguage\":\"de\"}]}<\/script>\n<!-- \/ Yoast SEO plugin. -->","yoast_head_json":{"title":"Blutegel | Ganzheitliche Pferdetherapie Sabine Hampicke","description":"Einsatz von Blutegel bei Wunden, Ekzemen, Prellungen, Sehnenerkrankungen, H\u00e4matom, Arthritis, R\u00fcckenerkrankungen und Arthrose.","robots":{"index":"index","follow":"follow","max-snippet":"max-snippet:-1","max-image-preview":"max-image-preview:large","max-video-preview":"max-video-preview:-1"},"canonical":"https:\/\/saha-pferdestaerken.de\/index.php\/blutegel\/","og_locale":"de_DE","og_type":"article","og_title":"Blutegel | Ganzheitliche Pferdetherapie Sabine Hampicke","og_description":"Einsatz von Blutegel bei Wunden, Ekzemen, Prellungen, Sehnenerkrankungen, H\u00e4matom, Arthritis, R\u00fcckenerkrankungen und Arthrose.","og_url":"https:\/\/saha-pferdestaerken.de\/index.php\/blutegel\/","og_site_name":"Ganzheitliche Pferdetherapie Sabine Hampicke","article_modified_time":"2022-08-11T19:51:09+00:00","twitter_card":"summary_large_image","schema":{"@context":"https:\/\/schema.org","@graph":[{"@type":"WebPage","@id":"https:\/\/saha-pferdestaerken.de\/index.php\/blutegel\/","url":"https:\/\/saha-pferdestaerken.de\/index.php\/blutegel\/","name":"Blutegel | Ganzheitliche Pferdetherapie Sabine Hampicke","isPartOf":{"@id":"https:\/\/saha-pferdestaerken.de\/#website"},"datePublished":"2020-06-01T20:54:26+00:00","dateModified":"2022-08-11T19:51:09+00:00","description":"Einsatz von Blutegel bei Wunden, Ekzemen, Prellungen, Sehnenerkrankungen, H\u00e4matom, Arthritis, R\u00fcckenerkrankungen und Arthrose.","breadcrumb":{"@id":"https:\/\/saha-pferdestaerken.de\/index.php\/blutegel\/#breadcrumb"},"inLanguage":"de","potentialAction":[{"@type":"ReadAction","target":["https:\/\/saha-pferdestaerken.de\/index.php\/blutegel\/"]}]},{"@type":"BreadcrumbList","@id":"https:\/\/saha-pferdestaerken.de\/index.php\/blutegel\/#breadcrumb","itemListElement":[{"@type":"ListItem","position":1,"name":"Startseite","item":"https:\/\/saha-pferdestaerken.de\/"},{"@type":"ListItem","position":2,"name":"Blutegel"}]},{"@type":"WebSite","@id":"https:\/\/saha-pferdestaerken.de\/#website","url":"https:\/\/saha-pferdestaerken.de\/","name":"Tierheilpraxis Sabine Hampicke","description":"Pferde auf verschiedenen Wegen ganzheitlich st\u00e4rken und im Krankheitsfall Heilung zu unterst\u00fctzen","potentialAction":[{"@type":"SearchAction","target":{"@type":"EntryPoint","urlTemplate":"https:\/\/saha-pferdestaerken.de\/?s={search_term_string}"},"query-input":{"@type":"PropertyValueSpecification","valueRequired":true,"valueName":"search_term_string"}}],"inLanguage":"de"}]}},"_links":{"self":[{"href":"https:\/\/saha-pferdestaerken.de\/index.php\/wp-json\/wp\/v2\/pages\/467","targetHints":{"allow":["GET"]}}],"collection":[{"href":"https:\/\/saha-pferdestaerken.de\/index.php\/wp-json\/wp\/v2\/pages"}],"about":[{"href":"https:\/\/saha-pferdestaerken.de\/index.php\/wp-json\/wp\/v2\/types\/page"}],"author":[{"embeddable":true,"href":"https:\/\/saha-pferdestaerken.de\/index.php\/wp-json\/wp\/v2\/users\/6"}],"replies":[{"embeddable":true,"href":"https:\/\/saha-pferdestaerken.de\/index.php\/wp-json\/wp\/v2\/comments?post=467"}],"version-history":[{"count":11,"href":"https:\/\/saha-pferdestaerken.de\/index.php\/wp-json\/wp\/v2\/pages\/467\/revisions"}],"predecessor-version":[{"id":986,"href":"https:\/\/saha-pferdestaerken.de\/index.php\/wp-json\/wp\/v2\/pages\/467\/revisions\/986"}],"wp:attachment":[{"href":"https:\/\/saha-pferdestaerken.de\/index.php\/wp-json\/wp\/v2\/media?parent=467"}],"curies":[{"name":"wp","href":"https:\/\/api.w.org\/{rel}","templated":true}]}}