{"id":488,"date":"2020-06-02T00:04:27","date_gmt":"2020-06-01T22:04:27","guid":{"rendered":"http:\/\/saha-pferdestaerken.local\/?page_id=488"},"modified":"2020-07-26T11:15:53","modified_gmt":"2020-07-26T09:15:53","slug":"anzeichen_fuer_eine-behandlung","status":"publish","type":"page","link":"https:\/\/saha-pferdestaerken.de\/index.php\/anzeichen_fuer_eine-behandlung\/","title":{"rendered":"Anzeichen f\u00fcr eine Behandlung"},"content":{"rendered":"<h1>Wann ist eine Behandlung sinnvoll?<\/h1>\n<ul>\n<li>\n<p>        <img decoding=\"async\" src=\"\/wp-content\/uploads\/2020\/06\/Pferd-in-freier-Bahn_800_500.jpg\" alt=\"\"><\/p>\n<\/li>\n<li>\n<p>        <img decoding=\"async\" src=\"\/wp-content\/uploads\/2020\/06\/Pferd_02_800_500.jpg\" alt=\"\"><\/p>\n<\/li>\n<\/ul>\n<div>\n<p class=\"p1\"><span class=\"s1\">Bei richtiger Behandlung sprechen Pferde in der Regel sehr gut auf manuelle und alternative Behandlungen an. Vermutlichen liegt es daran, dass sie weniger von ihren nat\u00fcrlichen Bewegungsabl\u00e4ufen entfremdet sind und ihren nat\u00fcrlichen Bewegungsabl\u00e4ufen folgen.<\/span><\/p>\n<p class=\"p1\"><span class=\"s1\">Je nat\u00fcrlicher sie gehalten werden, desto leichter ist es, St\u00f6rungsmuster zu korrigieren. <\/span><\/p>\n<p class=\"p1\"><span class=\"s1\">Daher ist es f\u00fcr ein Pferd in der Regel auch von gr\u00f6\u00dftem Nutzen, wenn es nach einer Behandlung einen darauf angepassten Auslauf bekommt.<\/span><\/p>\n<\/div>\n<div>\n<p class=\"p1\"><span class=\"s1\"><b>An diesen Anzeichen k\u00f6nnen Sie Auff\u00e4lligkeiten erkennen:<\/b><\/span><\/p>\n<ul>\n<li class=\"p2\"><span class=\"s1\">Bewegungseinschr\u00e4nkungen beim Training<\/span><\/li>\n<li class=\"p2\"><span class=\"s1\">Taktverlust<\/span><\/li>\n<li class=\"p2\"><span class=\"s1\">Husten, auch wenn es nur einmal zu Trainingsbeginn auftritt<\/span><\/li>\n<li class=\"p2\"><span class=\"s1\">Probleme beim Kotabsatz<\/span><\/li>\n<li class=\"p2\">Auffallend nasse oder trockene Box<\/li>\n<li class=\"p2\">Negative Ver\u00e4nderungen im Verhalten, wie h\u00e4ufiges Ohrenanlegen, Schnappen, h\u00e4ufiges G\u00e4hnen, Apathie, Zorn, Treten etc.<\/li>\n<li class=\"p2\">Auff\u00e4lligkeiten im Training, Bewegungsunlust, Durchgehen, Steigen, Bocken, sich Losrei\u00dfen etc.<\/li>\n<li class=\"p2\">Auf einer Seite l\u00e4uft das Pferd gut, auf der anderen Seite schlecht<\/li>\n<li class=\"p2\">Auffallende Druckempfindlichkeit im R\u00fccken<\/li>\n<li class=\"p2\">Kruppe schwingt nicht gleichm\u00e4ssig<\/li>\n<li class=\"p2\">Schwierigkeiten beim R\u00fcckw\u00e4rtsrichten<\/li>\n<li class=\"p2\">H\u00e4ufiges Stolpern<\/li>\n<li class=\"p2\">Lange Erholungsphasen<\/li>\n<li class=\"p2\">Auffallendes starkes Schwitzen\/Nachschwitzen<\/li>\n<li class=\"p2\">Geht nicht ihn Dehnungshaltung<\/li>\n<li class=\"p2\">Steifer Bewegungsablauf bei Pferden unter 20 Jahren<\/li>\n<li class=\"p2\">Kurzatmigkeit<\/li>\n<li class=\"p2\">Gallen<\/li>\n<li class=\"p2\">Hautver\u00e4nderungen<\/li>\n<li class=\"p2\">Tr\u00e4nende Augen<\/li>\n<\/ul>\n<\/div>\n<p><!-- {\"type\":\"layout\",\"children\":[{\"type\":\"section\",\"props\":{\"style\":\"default\",\"width\":\"default\",\"vertical_align\":\"middle\",\"title_position\":\"top-left\",\"title_rotation\":\"left\",\"title_breakpoint\":\"xl\",\"image_position\":\"center-center\"},\"children\":[{\"type\":\"row\",\"children\":[{\"type\":\"column\",\"props\":{\"image_position\":\"center-center\",\"media_overlay_gradient\":\"\",\"width_medium\":\"1-1\"},\"children\":[{\"type\":\"headline\",\"props\":{\"title_element\":\"h1\",\"title_style\":\"h1\",\"content\":\"Wann ist eine Behandlung sinnvoll?\"}}]}]},{\"type\":\"row\",\"props\":{\"layout\":\"1-2,1-2\"},\"children\":[{\"type\":\"column\",\"props\":{\"image_position\":\"center-center\",\"media_overlay_gradient\":\"\",\"width_medium\":\"1-2\"},\"children\":[{\"type\":\"slideshow\",\"props\":{\"show_title\":true,\"show_meta\":true,\"show_content\":true,\"show_link\":true,\"show_thumbnail\":true,\"slideshow_min_height\":300,\"slideshow_autoplay_pause\":true,\"nav\":\"dotnav\",\"nav_position\":\"bottom-center\",\"nav_position_margin\":\"medium\",\"nav_align\":\"center\",\"nav_breakpoint\":\"s\",\"thumbnav_width\":\"100\",\"thumbnav_height\":\"75\",\"thumbnav_svg_color\":\"emphasis\",\"slidenav\":\"default\",\"slidenav_margin\":\"medium\",\"slidenav_breakpoint\":\"s\",\"slidenav_outside_breakpoint\":\"xl\",\"overlay_position\":\"center-left\",\"overlay_animation\":\"parallax\",\"title_element\":\"h3\",\"meta_style\":\"meta\",\"meta_align\":\"below-title\",\"link_text\":\"Read more\",\"link_style\":\"default\",\"margin\":\"default\",\"slideshow_height\":\"\",\"slideshow_box_shadow\":\"\",\"slideshow_box_decoration\":\"\",\"slideshow_animation\":\"\",\"slideshow_kenburns\":\"\",\"nav_margin\":\"\",\"nav_color\":\"\",\"slidenav_outside_color\":\"\",\"overlay_container\":\"\",\"overlay_container_padding\":\"\",\"overlay_width\":\"\"},\"children\":[{\"type\":\"slideshow_item\",\"props\":{\"image\":\"wp-content\\\/uploads\\\/2020\\\/06\\\/Pferd-in-freier-Bahn_800_500.jpg\"}},{\"type\":\"slideshow_item\",\"props\":{\"image\":\"wp-content\\\/uploads\\\/2020\\\/06\\\/Pferd_02_800_500.jpg\"}}]},{\"type\":\"text\",\"props\":{\"margin\":\"default\",\"column_breakpoint\":\"m\",\"content\":\"\n\n<p class=\\\"p1\\\"><span class=\\\"s1\\\">Bei richtiger Behandlung sprechen Pferde in der Regel sehr gut auf manuelle und alternative Behandlungen an. Vermutlichen liegt es daran, dass sie weniger von ihren nat\\u00fcrlichen Bewegungsabl\\u00e4ufen entfremdet sind und ihren nat\\u00fcrlichen Bewegungsabl\\u00e4ufen folgen.<\\\/span><\\\/p>\\n\n\n<p class=\\\"p1\\\"><span class=\\\"s1\\\">Je nat\\u00fcrlicher sie gehalten werden, desto leichter ist es, St\\u00f6rungsmuster zu korrigieren. <\\\/span><\\\/p>\\n\n\n<p class=\\\"p1\\\"><span class=\\\"s1\\\">Daher ist es f\\u00fcr ein Pferd in der Regel auch von gr\\u00f6\\u00dftem Nutzen, wenn es nach einer Behandlung einen darauf angepassten Auslauf bekommt.<\\\/span><\\\/p>\"}}]},{\"type\":\"column\",\"props\":{\"image_position\":\"center-center\",\"media_overlay_gradient\":\"\",\"width_medium\":\"1-2\"},\"children\":[{\"type\":\"text\",\"props\":{\"margin\":\"default\",\"column_breakpoint\":\"m\",\"content\":\"\n\n<p class=\\\"p1\\\"><span class=\\\"s1\\\"><b>An diesen Anzeichen k\\u00f6nnen Sie Auff\\u00e4lligkeiten erkennen:<\\\/b><\\\/span><\\\/p>\\n\n\n<ul>\\n\n\n<li class=\\\"p2\\\"><span class=\\\"s1\\\">Bewegungseinschr\\u00e4nkungen beim Training<\\\/span><\\\/li>\\n\n\n<li class=\\\"p2\\\"><span class=\\\"s1\\\">Taktverlust<\\\/span><\\\/li>\\n\n\n<li class=\\\"p2\\\"><span class=\\\"s1\\\">Husten, auch wenn es nur einmal zu Trainingsbeginn auftritt<\\\/span><\\\/li>\\n\n\n<li class=\\\"p2\\\"><span class=\\\"s1\\\">Probleme beim Kotabsatz<\\\/span><\\\/li>\\n\n\n<li class=\\\"p2\\\">Auffallend nasse oder trockene Box<\\\/li>\\n\n\n<li class=\\\"p2\\\">Negative Ver\\u00e4nderungen im Verhalten, wie h\\u00e4ufiges Ohrenanlegen, Schnappen, h\\u00e4ufiges G\\u00e4hnen, Apathie, Zorn, Treten etc.<\\\/li>\\n\n\n<li class=\\\"p2\\\">Auff\\u00e4lligkeiten im Training, Bewegungsunlust, Durchgehen, Steigen, Bocken, sich Losrei\\u00dfen etc.<\\\/li>\\n\n\n<li class=\\\"p2\\\">Auf einer Seite l\\u00e4uft das Pferd gut, auf der anderen Seite schlecht<\\\/li>\\n\n\n<li class=\\\"p2\\\">Auffallende Druckempfindlichkeit im R\\u00fccken<\\\/li>\\n\n\n<li class=\\\"p2\\\">Kruppe schwingt nicht gleichm\\u00e4ssig<\\\/li>\\n\n\n<li class=\\\"p2\\\">Schwierigkeiten beim R\\u00fcckw\\u00e4rtsrichten<\\\/li>\\n\n\n<li class=\\\"p2\\\">H\\u00e4ufiges Stolpern<\\\/li>\\n\n\n<li class=\\\"p2\\\">Lange Erholungsphasen<\\\/li>\\n\n\n<li class=\\\"p2\\\">Auffallendes starkes Schwitzen\\\/Nachschwitzen<\\\/li>\\n\n\n<li class=\\\"p2\\\">Geht nicht ihn Dehnungshaltung<\\\/li>\\n\n\n<li class=\\\"p2\\\">Steifer Bewegungsablauf bei Pferden unter 20 Jahren<\\\/li>\\n\n\n<li class=\\\"p2\\\">Kurzatmigkeit<\\\/li>\\n\n\n<li class=\\\"p2\\\">Gallen<\\\/li>\\n\n\n<li class=\\\"p2\\\">Hautver\\u00e4nderungen<\\\/li>\\n\n\n<li class=\\\"p2\\\">Tr\\u00e4nende Augen<\\\/li>\\n<\\\/ul>\"}}]}]}],\"name\":\"Grundmuster_Slideshow_Text\"}],\"version\":\"2.1.2\"} --><\/p>\n","protected":false},"excerpt":{"rendered":"<p>Wann ist eine Behandlung sinnvoll? Bei richtiger Behandlung sprechen Pferde in der Regel sehr gut auf manuelle und alternative Behandlungen an. Vermutlichen liegt es daran, dass sie weniger von ihren nat\u00fcrlichen Bewegungsabl\u00e4ufen entfremdet sind und ihren nat\u00fcrlichen Bewegungsabl\u00e4ufen folgen. Je nat\u00fcrlicher sie gehalten werden, desto leichter ist es, St\u00f6rungsmuster zu korrigieren. Daher ist es f\u00fcr [&hellip;]<\/p>\n","protected":false},"author":6,"featured_media":0,"parent":0,"menu_order":0,"comment_status":"closed","ping_status":"closed","template":"","meta":{"_monsterinsights_skip_tracking":false,"_monsterinsights_sitenote_active":false,"_monsterinsights_sitenote_note":"","_monsterinsights_sitenote_category":0,"footnotes":""},"class_list":["post-488","page","type-page","status-publish","hentry"],"yoast_head":"<!-- This site is optimized with the Yoast SEO plugin v27.2 - https:\/\/yoast.com\/product\/yoast-seo-wordpress\/ -->\n<title>Anzeichen f\u00fcr eine Behandlung | Ganzheitliche Pferdetherapie Sabine Hampicke<\/title>\n<meta name=\"robots\" content=\"index, follow, max-snippet:-1, max-image-preview:large, max-video-preview:-1\" \/>\n<link rel=\"canonical\" href=\"https:\/\/saha-pferdestaerken.de\/index.php\/anzeichen_fuer_eine-behandlung\/\" \/>\n<meta property=\"og:locale\" content=\"de_DE\" \/>\n<meta property=\"og:type\" content=\"article\" \/>\n<meta property=\"og:title\" content=\"Anzeichen f\u00fcr eine Behandlung | Ganzheitliche Pferdetherapie Sabine Hampicke\" \/>\n<meta property=\"og:description\" content=\"Wann ist eine Behandlung sinnvoll? Bei richtiger Behandlung sprechen Pferde in der Regel sehr gut auf manuelle und alternative Behandlungen an. Vermutlichen liegt es daran, dass sie weniger von ihren nat\u00fcrlichen Bewegungsabl\u00e4ufen entfremdet sind und ihren nat\u00fcrlichen Bewegungsabl\u00e4ufen folgen. Je nat\u00fcrlicher sie gehalten werden, desto leichter ist es, St\u00f6rungsmuster zu korrigieren. Daher ist es f\u00fcr [&hellip;]\" \/>\n<meta property=\"og:url\" content=\"https:\/\/saha-pferdestaerken.de\/index.php\/anzeichen_fuer_eine-behandlung\/\" \/>\n<meta property=\"og:site_name\" content=\"Ganzheitliche Pferdetherapie Sabine Hampicke\" \/>\n<meta property=\"article:modified_time\" content=\"2020-07-26T09:15:53+00:00\" \/>\n<meta name=\"twitter:card\" content=\"summary_large_image\" \/>\n<meta name=\"twitter:label1\" content=\"Gesch\u00e4tzte Lesezeit\" \/>\n\t<meta name=\"twitter:data1\" content=\"1\u00a0Minute\" \/>\n<script type=\"application\/ld+json\" class=\"yoast-schema-graph\">{\"@context\":\"https:\/\/schema.org\",\"@graph\":[{\"@type\":\"WebPage\",\"@id\":\"https:\/\/saha-pferdestaerken.de\/index.php\/anzeichen_fuer_eine-behandlung\/\",\"url\":\"https:\/\/saha-pferdestaerken.de\/index.php\/anzeichen_fuer_eine-behandlung\/\",\"name\":\"Anzeichen f\u00fcr eine Behandlung | Ganzheitliche Pferdetherapie Sabine Hampicke\",\"isPartOf\":{\"@id\":\"https:\/\/saha-pferdestaerken.de\/#website\"},\"datePublished\":\"2020-06-01T22:04:27+00:00\",\"dateModified\":\"2020-07-26T09:15:53+00:00\",\"breadcrumb\":{\"@id\":\"https:\/\/saha-pferdestaerken.de\/index.php\/anzeichen_fuer_eine-behandlung\/#breadcrumb\"},\"inLanguage\":\"de\",\"potentialAction\":[{\"@type\":\"ReadAction\",\"target\":[\"https:\/\/saha-pferdestaerken.de\/index.php\/anzeichen_fuer_eine-behandlung\/\"]}]},{\"@type\":\"BreadcrumbList\",\"@id\":\"https:\/\/saha-pferdestaerken.de\/index.php\/anzeichen_fuer_eine-behandlung\/#breadcrumb\",\"itemListElement\":[{\"@type\":\"ListItem\",\"position\":1,\"name\":\"Startseite\",\"item\":\"https:\/\/saha-pferdestaerken.de\/\"},{\"@type\":\"ListItem\",\"position\":2,\"name\":\"Anzeichen f\u00fcr eine Behandlung\"}]},{\"@type\":\"WebSite\",\"@id\":\"https:\/\/saha-pferdestaerken.de\/#website\",\"url\":\"https:\/\/saha-pferdestaerken.de\/\",\"name\":\"Tierheilpraxis Sabine Hampicke\",\"description\":\"Pferde auf verschiedenen Wegen ganzheitlich st\u00e4rken und im Krankheitsfall Heilung zu unterst\u00fctzen\",\"potentialAction\":[{\"@type\":\"SearchAction\",\"target\":{\"@type\":\"EntryPoint\",\"urlTemplate\":\"https:\/\/saha-pferdestaerken.de\/?s={search_term_string}\"},\"query-input\":{\"@type\":\"PropertyValueSpecification\",\"valueRequired\":true,\"valueName\":\"search_term_string\"}}],\"inLanguage\":\"de\"}]}<\/script>\n<!-- \/ Yoast SEO plugin. -->","yoast_head_json":{"title":"Anzeichen f\u00fcr eine Behandlung | Ganzheitliche Pferdetherapie Sabine Hampicke","robots":{"index":"index","follow":"follow","max-snippet":"max-snippet:-1","max-image-preview":"max-image-preview:large","max-video-preview":"max-video-preview:-1"},"canonical":"https:\/\/saha-pferdestaerken.de\/index.php\/anzeichen_fuer_eine-behandlung\/","og_locale":"de_DE","og_type":"article","og_title":"Anzeichen f\u00fcr eine Behandlung | Ganzheitliche Pferdetherapie Sabine Hampicke","og_description":"Wann ist eine Behandlung sinnvoll? Bei richtiger Behandlung sprechen Pferde in der Regel sehr gut auf manuelle und alternative Behandlungen an. Vermutlichen liegt es daran, dass sie weniger von ihren nat\u00fcrlichen Bewegungsabl\u00e4ufen entfremdet sind und ihren nat\u00fcrlichen Bewegungsabl\u00e4ufen folgen. Je nat\u00fcrlicher sie gehalten werden, desto leichter ist es, St\u00f6rungsmuster zu korrigieren. Daher ist es f\u00fcr [&hellip;]","og_url":"https:\/\/saha-pferdestaerken.de\/index.php\/anzeichen_fuer_eine-behandlung\/","og_site_name":"Ganzheitliche Pferdetherapie Sabine Hampicke","article_modified_time":"2020-07-26T09:15:53+00:00","twitter_card":"summary_large_image","twitter_misc":{"Gesch\u00e4tzte Lesezeit":"1\u00a0Minute"},"schema":{"@context":"https:\/\/schema.org","@graph":[{"@type":"WebPage","@id":"https:\/\/saha-pferdestaerken.de\/index.php\/anzeichen_fuer_eine-behandlung\/","url":"https:\/\/saha-pferdestaerken.de\/index.php\/anzeichen_fuer_eine-behandlung\/","name":"Anzeichen f\u00fcr eine Behandlung | Ganzheitliche Pferdetherapie Sabine Hampicke","isPartOf":{"@id":"https:\/\/saha-pferdestaerken.de\/#website"},"datePublished":"2020-06-01T22:04:27+00:00","dateModified":"2020-07-26T09:15:53+00:00","breadcrumb":{"@id":"https:\/\/saha-pferdestaerken.de\/index.php\/anzeichen_fuer_eine-behandlung\/#breadcrumb"},"inLanguage":"de","potentialAction":[{"@type":"ReadAction","target":["https:\/\/saha-pferdestaerken.de\/index.php\/anzeichen_fuer_eine-behandlung\/"]}]},{"@type":"BreadcrumbList","@id":"https:\/\/saha-pferdestaerken.de\/index.php\/anzeichen_fuer_eine-behandlung\/#breadcrumb","itemListElement":[{"@type":"ListItem","position":1,"name":"Startseite","item":"https:\/\/saha-pferdestaerken.de\/"},{"@type":"ListItem","position":2,"name":"Anzeichen f\u00fcr eine Behandlung"}]},{"@type":"WebSite","@id":"https:\/\/saha-pferdestaerken.de\/#website","url":"https:\/\/saha-pferdestaerken.de\/","name":"Tierheilpraxis Sabine Hampicke","description":"Pferde auf verschiedenen Wegen ganzheitlich st\u00e4rken und im Krankheitsfall Heilung zu unterst\u00fctzen","potentialAction":[{"@type":"SearchAction","target":{"@type":"EntryPoint","urlTemplate":"https:\/\/saha-pferdestaerken.de\/?s={search_term_string}"},"query-input":{"@type":"PropertyValueSpecification","valueRequired":true,"valueName":"search_term_string"}}],"inLanguage":"de"}]}},"_links":{"self":[{"href":"https:\/\/saha-pferdestaerken.de\/index.php\/wp-json\/wp\/v2\/pages\/488","targetHints":{"allow":["GET"]}}],"collection":[{"href":"https:\/\/saha-pferdestaerken.de\/index.php\/wp-json\/wp\/v2\/pages"}],"about":[{"href":"https:\/\/saha-pferdestaerken.de\/index.php\/wp-json\/wp\/v2\/types\/page"}],"author":[{"embeddable":true,"href":"https:\/\/saha-pferdestaerken.de\/index.php\/wp-json\/wp\/v2\/users\/6"}],"replies":[{"embeddable":true,"href":"https:\/\/saha-pferdestaerken.de\/index.php\/wp-json\/wp\/v2\/comments?post=488"}],"version-history":[{"count":12,"href":"https:\/\/saha-pferdestaerken.de\/index.php\/wp-json\/wp\/v2\/pages\/488\/revisions"}],"predecessor-version":[{"id":991,"href":"https:\/\/saha-pferdestaerken.de\/index.php\/wp-json\/wp\/v2\/pages\/488\/revisions\/991"}],"wp:attachment":[{"href":"https:\/\/saha-pferdestaerken.de\/index.php\/wp-json\/wp\/v2\/media?parent=488"}],"curies":[{"name":"wp","href":"https:\/\/api.w.org\/{rel}","templated":true}]}}