{"id":526,"date":"2020-07-09T12:32:43","date_gmt":"2020-07-09T10:32:43","guid":{"rendered":"http:\/\/saha-pferdestaerken.local\/?page_id=526"},"modified":"2025-02-26T17:11:34","modified_gmt":"2025-02-26T16:11:34","slug":"impressum","status":"publish","type":"page","link":"https:\/\/saha-pferdestaerken.de\/index.php\/impressum\/","title":{"rendered":"Impressum"},"content":{"rendered":"<h1>Impressum<\/h1>\n<div>\n<h5>Verantwortlich f\u00fcr den Inhalt<\/h5>\n<p class=\"p1\"><span class=\"s1\">Tierheilpraxis Sabine Hampicke<br \/><\/span><span class=\"s1\">Inhaberin: Sabine Hampicke<br \/>Hohe Stra\u00dfe 6<br \/>42929 Wermelskirchen<\/span><\/p>\n<p class=\"p2\"><span class=\"s1\">E-Mail: i@saha-pferdestaerken.local<br \/>www.saha-pferdestaerken.de<br \/>Mobil 0177-4234755<\/span><\/p>\n<p class=\"p2\"><span class=\"s1\">Steuernummer:<span class=\"Apple-converted-space\">\u00a0 <\/span>230\/5776\/0253<\/span><\/p>\n<p><strong>ANGABEN ZUR BERUFSHAFTPFLICHTVERSICHERUNG<\/strong><\/p>\n<p>INTER Allgemeine Versicherung AG <br \/>Erzberger Str. 9-15 <br \/>68165 Mannheim<\/p>\n<h5><span class=\"s1\"><b>1. Inhalt des Onlineangebots\u00a0<\/b><\/span><\/h5>\n<p class=\"p2\"><span class=\"s1\">Der Autor \u00fcbernimmt keinerlei Gew\u00e4hr f\u00fcr die Aktualit\u00e4t, Korrektheit, Vollst\u00e4ndigkeit oder Qualit\u00e4t der bereitgestellten Informationen. Haftungsanspr\u00fcche gegen den Autor, welche sich auf Sch\u00e4den materieller oder ideeller Art beziehen, die durch die Nutzung oder Nichtnutzung der dargebotenen Informationen bzw. durch die Nutzung fehlerhafter und unvollst\u00e4ndiger Informationen verursacht wurden, sind grunds\u00e4tzlich ausgeschlossen, sofern seitens des Autors kein nachweislich vors\u00e4tzliches oder grob fahrl\u00e4ssiges Verschulden vorliegt. Alle Angebote sind freibleibend und unverbindlich. Der Autor beh\u00e4lt es sich ausdr\u00fccklich vor, Teile der Seiten oder das gesamte Angebot ohne gesonderte Ank\u00fcndigung zu ver\u00e4ndern, zu erg\u00e4nzen, zu l\u00f6schen oder die Ver\u00f6ffentlichung zeitweise oder endg\u00fcltig einzustellen.\u00a0<\/span><\/p>\n<h5><b><\/b><span class=\"s1\"><b>Urheber- und Kennzeichenrecht\u00a0<\/b><\/span><\/h5>\n<p class=\"p2\"><span class=\"s1\">Der Autor ist bestrebt, in allen Publikationen die Urheberrechte der verwendeten Bilder, Grafiken, Tondokumente, Videosequenzen und Texte zu beachten, von ihm selbst erstellte Bilder, Grafiken, Tondokumente, Videosequenzen und Texte zu nutzen oder auf lizenzfreie Grafiken, Tondokumente, Videosequenzen und Texte zur\u00fcckzugreifen. <\/span><\/p>\n<p class=\"p2\"><span class=\"s1\">Alle innerhalb des Internetangebotes genannten und ggf. durch Dritte gesch\u00fctzten Marken- und Warenzeichen unterliegen uneingeschr\u00e4nkt den Bestimmungen des jeweils g\u00fcltigen Kennzeichenrechts und den Besitzrechten der jeweiligen eingetragenen Eigent\u00fcmer. Allein aufgrund der blo\u00dfen Nennung ist nicht der Schluss zu ziehen, dass Markenzeichen nicht durch Rechte Dritter gesch\u00fctzt sind! Das Copyright f\u00fcr ver\u00f6ffentlichte, vom Autor selbst erstellte Objekte bleibt allein beim Autor der Seiten. Eine Vervielf\u00e4ltigung oder Verwendung solcher Grafiken, Tondokumente, Videosequenzen und Texte in anderen elektronischen oder gedruckten Publikationen ist ohne ausdr\u00fcckliche Zustimmung des Autors nicht gestattet.<\/span><\/p>\n<h5><b><\/b><span class=\"s1\"><b>Datenschutz\u00a0<\/b><\/span><\/h5>\n<p class=\"p2\"><span class=\"s1\">Sofern innerhalb des Internetangebotes die M\u00f6glichkeit zur Eingabe pers\u00f6nlicher oder gesch\u00e4ftlicher Daten (Emailadressen, Namen, Anschriften) besteht, so erfolgt die Preisgabe dieser Daten seitens des Nutzers auf ausdr\u00fccklich freiwilliger Basis. Die Inanspruchnahme und Bezahlung aller angebotenen Dienste ist \u2013 soweit technisch m\u00f6glich und zumutbar \u2013 auch ohne Angabe solcher Daten bzw. unter Angabe anonymisierter Daten oder eines Pseudonyms gestattet. Die Nutzung der im Rahmen des Impressums oder vergleichbarer Angaben ver\u00f6ffentlichten Kontaktdaten wie Postanschriften, Telefon- und Faxnummern sowie Emailadressen durch Dritte zur \u00dcbersendung von nicht ausdr\u00fccklich angeforderten Informationen ist nicht gestattet. Rechtliche Schritte gegen die Versender von sogenannten Spam-Mails bei Verst\u00f6ssen gegen dieses Verbot sind ausdr\u00fccklich vorbehalten. <\/span><\/p>\n<p class=\"p2\"><span class=\"s1\">Dieser Haftungsausschluss ist als Teil des Internetangebotes zu betrachten, von dem aus auf diese Seite verwiesen wurde. Sofern Teile oder einzelne Formulierungen dieses Textes der geltenden Rechtslage nicht, nicht mehr oder nicht vollst\u00e4ndig entsprechen sollten, bleiben die \u00fcbrigen Teile des Dokumentes in ihrem Inhalt und ihrer G\u00fcltigkeit davon unber\u00fchrt.<\/span><\/p>\n<p class=\"p2\"><span class=\"s1\">Juni 2020<\/span><\/p>\n<\/div>\n<p><!--more--><br \/>\n<!-- {\"type\":\"layout\",\"children\":[{\"type\":\"section\",\"props\":{\"style\":\"default\",\"width\":\"default\",\"vertical_align\":\"middle\",\"title_position\":\"top-left\",\"title_rotation\":\"left\",\"title_breakpoint\":\"xl\",\"image_position\":\"center-center\"},\"children\":[{\"type\":\"row\",\"children\":[{\"type\":\"column\",\"props\":{\"image_position\":\"center-center\",\"media_overlay_gradient\":\"\",\"width_medium\":\"1-1\",\"position_sticky_breakpoint\":\"m\"},\"children\":[{\"type\":\"headline\",\"props\":{\"title_element\":\"h1\",\"content\":\"Impressum\"}},{\"type\":\"text\",\"props\":{\"margin\":\"default\",\"column_breakpoint\":\"m\",\"content\":\"\n\n<h5>Verantwortlich f\\u00fcr den Inhalt<\\\/h5>\\n\n\n<p class=\\\"p1\\\"><span class=\\\"s1\\\">Tierheilpraxis Sabine Hampicke<br \\\/><\\\/span><span class=\\\"s1\\\">Inhaberin: Sabine Hampicke<br \\\/>Hohe Stra\\u00dfe 6<br \\\/>42929 Wermelskirchen<\\\/span><\\\/p>\\n\n\n<p class=\\\"p2\\\"><span class=\\\"s1\\\">E-Mail: i@saha-pferdestaerken.local<br \\\/>www.saha-pferdestaerken.de<br \\\/>Mobil 0177-4234755<\\\/span><\\\/p>\\n\n\n<p class=\\\"p2\\\"><span class=\\\"s1\\\">Steuernummer:<span class=\\\"Apple-converted-space\\\">\\u00a0 <\\\/span>230\\\/5776\\\/0253<\\\/span><\\\/p>\\n\n\n<p><strong>ANGABEN ZUR BERUFSHAFTPFLICHTVERSICHERUNG<\\\/strong><\\\/p>\\n\n\n<p>INTER Allgemeine Versicherung AG <br \\\/>Erzberger Str. 9-15 <br \\\/>68165 Mannheim<\\\/p>\\n\n\n<h5><span class=\\\"s1\\\"><b>1. Inhalt des Onlineangebots\\u00a0<\\\/b><\\\/span><\\\/h5>\\n\n\n<p class=\\\"p2\\\"><span class=\\\"s1\\\">Der Autor \\u00fcbernimmt keinerlei Gew\\u00e4hr f\\u00fcr die Aktualit\\u00e4t, Korrektheit, Vollst\\u00e4ndigkeit oder Qualit\\u00e4t der bereitgestellten Informationen. Haftungsanspr\\u00fcche gegen den Autor, welche sich auf Sch\\u00e4den materieller oder ideeller Art beziehen, die durch die Nutzung oder Nichtnutzung der dargebotenen Informationen bzw. durch die Nutzung fehlerhafter und unvollst\\u00e4ndiger Informationen verursacht wurden, sind grunds\\u00e4tzlich ausgeschlossen, sofern seitens des Autors kein nachweislich vors\\u00e4tzliches oder grob fahrl\\u00e4ssiges Verschulden vorliegt. Alle Angebote sind freibleibend und unverbindlich. Der Autor beh\\u00e4lt es sich ausdr\\u00fccklich vor, Teile der Seiten oder das gesamte Angebot ohne gesonderte Ank\\u00fcndigung zu ver\\u00e4ndern, zu erg\\u00e4nzen, zu l\\u00f6schen oder die Ver\\u00f6ffentlichung zeitweise oder endg\\u00fcltig einzustellen.\\u00a0<\\\/span><\\\/p>\\n\n\n<h5><b><\\\/b><span class=\\\"s1\\\"><b>Urheber- und Kennzeichenrecht\\u00a0<\\\/b><\\\/span><\\\/h5>\\n\n\n<p class=\\\"p2\\\"><span class=\\\"s1\\\">Der Autor ist bestrebt, in allen Publikationen die Urheberrechte der verwendeten Bilder, Grafiken, Tondokumente, Videosequenzen und Texte zu beachten, von ihm selbst erstellte Bilder, Grafiken, Tondokumente, Videosequenzen und Texte zu nutzen oder auf lizenzfreie Grafiken, Tondokumente, Videosequenzen und Texte zur\\u00fcckzugreifen. <\\\/span><\\\/p>\\n\n\n<p class=\\\"p2\\\"><span class=\\\"s1\\\">Alle innerhalb des Internetangebotes genannten und ggf. durch Dritte gesch\\u00fctzten Marken- und Warenzeichen unterliegen uneingeschr\\u00e4nkt den Bestimmungen des jeweils g\\u00fcltigen Kennzeichenrechts und den Besitzrechten der jeweiligen eingetragenen Eigent\\u00fcmer. Allein aufgrund der blo\\u00dfen Nennung ist nicht der Schluss zu ziehen, dass Markenzeichen nicht durch Rechte Dritter gesch\\u00fctzt sind! Das Copyright f\\u00fcr ver\\u00f6ffentlichte, vom Autor selbst erstellte Objekte bleibt allein beim Autor der Seiten. Eine Vervielf\\u00e4ltigung oder Verwendung solcher Grafiken, Tondokumente, Videosequenzen und Texte in anderen elektronischen oder gedruckten Publikationen ist ohne ausdr\\u00fcckliche Zustimmung des Autors nicht gestattet.<\\\/span><\\\/p>\\n\n\n<h5><b><\\\/b><span class=\\\"s1\\\"><b>Datenschutz\\u00a0<\\\/b><\\\/span><\\\/h5>\\n\n\n<p class=\\\"p2\\\"><span class=\\\"s1\\\">Sofern innerhalb des Internetangebotes die M\\u00f6glichkeit zur Eingabe pers\\u00f6nlicher oder gesch\\u00e4ftlicher Daten (Emailadressen, Namen, Anschriften) besteht, so erfolgt die Preisgabe dieser Daten seitens des Nutzers auf ausdr\\u00fccklich freiwilliger Basis. Die Inanspruchnahme und Bezahlung aller angebotenen Dienste ist \\u2013 soweit technisch m\\u00f6glich und zumutbar \\u2013 auch ohne Angabe solcher Daten bzw. unter Angabe anonymisierter Daten oder eines Pseudonyms gestattet. Die Nutzung der im Rahmen des Impressums oder vergleichbarer Angaben ver\\u00f6ffentlichten Kontaktdaten wie Postanschriften, Telefon- und Faxnummern sowie Emailadressen durch Dritte zur \\u00dcbersendung von nicht ausdr\\u00fccklich angeforderten Informationen ist nicht gestattet. Rechtliche Schritte gegen die Versender von sogenannten Spam-Mails bei Verst\\u00f6ssen gegen dieses Verbot sind ausdr\\u00fccklich vorbehalten. <\\\/span><\\\/p>\\n\n\n<p class=\\\"p2\\\"><span class=\\\"s1\\\">Dieser Haftungsausschluss ist als Teil des Internetangebotes zu betrachten, von dem aus auf diese Seite verwiesen wurde. Sofern Teile oder einzelne Formulierungen dieses Textes der geltenden Rechtslage nicht, nicht mehr oder nicht vollst\\u00e4ndig entsprechen sollten, bleiben die \\u00fcbrigen Teile des Dokumentes in ihrem Inhalt und ihrer G\\u00fcltigkeit davon unber\\u00fchrt.<\\\/span><\\\/p>\\n\n\n<p class=\\\"p2\\\"><span class=\\\"s1\\\">Juni 2020<\\\/span><\\\/p>\"}}]}]}]}],\"version\":\"2.7.26\"} --><\/p>\n","protected":false},"excerpt":{"rendered":"<p>Impressum Verantwortlich f\u00fcr den Inhalt Tierheilpraxis Sabine HampickeInhaberin: Sabine HampickeHohe Stra\u00dfe 642929 Wermelskirchen E-Mail: i@saha-pferdestaerken.localwww.saha-pferdestaerken.deMobil 0177-4234755 Steuernummer:\u00a0 230\/5776\/0253 ANGABEN ZUR BERUFSHAFTPFLICHTVERSICHERUNG INTER Allgemeine Versicherung AG Erzberger Str. 9-15 68165 Mannheim 1. Inhalt des Onlineangebots\u00a0 Der Autor \u00fcbernimmt keinerlei Gew\u00e4hr f\u00fcr die Aktualit\u00e4t, Korrektheit, Vollst\u00e4ndigkeit oder Qualit\u00e4t der bereitgestellten Informationen. Haftungsanspr\u00fcche gegen den Autor, welche sich [&hellip;]<\/p>\n","protected":false},"author":6,"featured_media":0,"parent":0,"menu_order":0,"comment_status":"closed","ping_status":"closed","template":"","meta":{"_monsterinsights_skip_tracking":false,"_monsterinsights_sitenote_active":false,"_monsterinsights_sitenote_note":"","_monsterinsights_sitenote_category":0,"footnotes":""},"class_list":["post-526","page","type-page","status-publish","hentry"],"yoast_head":"<!-- This site is optimized with the Yoast SEO plugin v27.2 - https:\/\/yoast.com\/product\/yoast-seo-wordpress\/ -->\n<title>Impressum | Ganzheitliche Pferdetherapie Sabine Hampicke<\/title>\n<meta name=\"robots\" content=\"index, follow, max-snippet:-1, max-image-preview:large, max-video-preview:-1\" \/>\n<link rel=\"canonical\" href=\"https:\/\/saha-pferdestaerken.de\/index.php\/impressum\/\" \/>\n<meta property=\"og:locale\" content=\"de_DE\" \/>\n<meta property=\"og:type\" content=\"article\" \/>\n<meta property=\"og:title\" content=\"Impressum | Ganzheitliche Pferdetherapie Sabine Hampicke\" \/>\n<meta property=\"og:description\" content=\"Impressum Verantwortlich f\u00fcr den Inhalt Tierheilpraxis Sabine HampickeInhaberin: Sabine HampickeHohe Stra\u00dfe 642929 Wermelskirchen E-Mail: i@saha-pferdestaerken.localwww.saha-pferdestaerken.deMobil 0177-4234755 Steuernummer:\u00a0 230\/5776\/0253 ANGABEN ZUR BERUFSHAFTPFLICHTVERSICHERUNG INTER Allgemeine Versicherung AG Erzberger Str. 9-15 68165 Mannheim 1. Inhalt des Onlineangebots\u00a0 Der Autor \u00fcbernimmt keinerlei Gew\u00e4hr f\u00fcr die Aktualit\u00e4t, Korrektheit, Vollst\u00e4ndigkeit oder Qualit\u00e4t der bereitgestellten Informationen. Haftungsanspr\u00fcche gegen den Autor, welche sich [&hellip;]\" \/>\n<meta property=\"og:url\" content=\"https:\/\/saha-pferdestaerken.de\/index.php\/impressum\/\" \/>\n<meta property=\"og:site_name\" content=\"Ganzheitliche Pferdetherapie Sabine Hampicke\" \/>\n<meta property=\"article:modified_time\" content=\"2025-02-26T16:11:34+00:00\" \/>\n<meta name=\"twitter:card\" content=\"summary_large_image\" \/>\n<meta name=\"twitter:label1\" content=\"Gesch\u00e4tzte Lesezeit\" \/>\n\t<meta name=\"twitter:data1\" content=\"2\u00a0Minuten\" \/>\n<script type=\"application\/ld+json\" class=\"yoast-schema-graph\">{\"@context\":\"https:\/\/schema.org\",\"@graph\":[{\"@type\":\"WebPage\",\"@id\":\"https:\/\/saha-pferdestaerken.de\/index.php\/impressum\/\",\"url\":\"https:\/\/saha-pferdestaerken.de\/index.php\/impressum\/\",\"name\":\"Impressum | Ganzheitliche Pferdetherapie Sabine Hampicke\",\"isPartOf\":{\"@id\":\"https:\/\/saha-pferdestaerken.de\/#website\"},\"datePublished\":\"2020-07-09T10:32:43+00:00\",\"dateModified\":\"2025-02-26T16:11:34+00:00\",\"breadcrumb\":{\"@id\":\"https:\/\/saha-pferdestaerken.de\/index.php\/impressum\/#breadcrumb\"},\"inLanguage\":\"de\",\"potentialAction\":[{\"@type\":\"ReadAction\",\"target\":[\"https:\/\/saha-pferdestaerken.de\/index.php\/impressum\/\"]}]},{\"@type\":\"BreadcrumbList\",\"@id\":\"https:\/\/saha-pferdestaerken.de\/index.php\/impressum\/#breadcrumb\",\"itemListElement\":[{\"@type\":\"ListItem\",\"position\":1,\"name\":\"Startseite\",\"item\":\"https:\/\/saha-pferdestaerken.de\/\"},{\"@type\":\"ListItem\",\"position\":2,\"name\":\"Impressum\"}]},{\"@type\":\"WebSite\",\"@id\":\"https:\/\/saha-pferdestaerken.de\/#website\",\"url\":\"https:\/\/saha-pferdestaerken.de\/\",\"name\":\"Tierheilpraxis Sabine Hampicke\",\"description\":\"Pferde auf verschiedenen Wegen ganzheitlich st\u00e4rken und im Krankheitsfall Heilung zu unterst\u00fctzen\",\"potentialAction\":[{\"@type\":\"SearchAction\",\"target\":{\"@type\":\"EntryPoint\",\"urlTemplate\":\"https:\/\/saha-pferdestaerken.de\/?s={search_term_string}\"},\"query-input\":{\"@type\":\"PropertyValueSpecification\",\"valueRequired\":true,\"valueName\":\"search_term_string\"}}],\"inLanguage\":\"de\"}]}<\/script>\n<!-- \/ Yoast SEO plugin. -->","yoast_head_json":{"title":"Impressum | Ganzheitliche Pferdetherapie Sabine Hampicke","robots":{"index":"index","follow":"follow","max-snippet":"max-snippet:-1","max-image-preview":"max-image-preview:large","max-video-preview":"max-video-preview:-1"},"canonical":"https:\/\/saha-pferdestaerken.de\/index.php\/impressum\/","og_locale":"de_DE","og_type":"article","og_title":"Impressum | Ganzheitliche Pferdetherapie Sabine Hampicke","og_description":"Impressum Verantwortlich f\u00fcr den Inhalt Tierheilpraxis Sabine HampickeInhaberin: Sabine HampickeHohe Stra\u00dfe 642929 Wermelskirchen E-Mail: i@saha-pferdestaerken.localwww.saha-pferdestaerken.deMobil 0177-4234755 Steuernummer:\u00a0 230\/5776\/0253 ANGABEN ZUR BERUFSHAFTPFLICHTVERSICHERUNG INTER Allgemeine Versicherung AG Erzberger Str. 9-15 68165 Mannheim 1. Inhalt des Onlineangebots\u00a0 Der Autor \u00fcbernimmt keinerlei Gew\u00e4hr f\u00fcr die Aktualit\u00e4t, Korrektheit, Vollst\u00e4ndigkeit oder Qualit\u00e4t der bereitgestellten Informationen. Haftungsanspr\u00fcche gegen den Autor, welche sich [&hellip;]","og_url":"https:\/\/saha-pferdestaerken.de\/index.php\/impressum\/","og_site_name":"Ganzheitliche Pferdetherapie Sabine Hampicke","article_modified_time":"2025-02-26T16:11:34+00:00","twitter_card":"summary_large_image","twitter_misc":{"Gesch\u00e4tzte Lesezeit":"2\u00a0Minuten"},"schema":{"@context":"https:\/\/schema.org","@graph":[{"@type":"WebPage","@id":"https:\/\/saha-pferdestaerken.de\/index.php\/impressum\/","url":"https:\/\/saha-pferdestaerken.de\/index.php\/impressum\/","name":"Impressum | Ganzheitliche Pferdetherapie Sabine Hampicke","isPartOf":{"@id":"https:\/\/saha-pferdestaerken.de\/#website"},"datePublished":"2020-07-09T10:32:43+00:00","dateModified":"2025-02-26T16:11:34+00:00","breadcrumb":{"@id":"https:\/\/saha-pferdestaerken.de\/index.php\/impressum\/#breadcrumb"},"inLanguage":"de","potentialAction":[{"@type":"ReadAction","target":["https:\/\/saha-pferdestaerken.de\/index.php\/impressum\/"]}]},{"@type":"BreadcrumbList","@id":"https:\/\/saha-pferdestaerken.de\/index.php\/impressum\/#breadcrumb","itemListElement":[{"@type":"ListItem","position":1,"name":"Startseite","item":"https:\/\/saha-pferdestaerken.de\/"},{"@type":"ListItem","position":2,"name":"Impressum"}]},{"@type":"WebSite","@id":"https:\/\/saha-pferdestaerken.de\/#website","url":"https:\/\/saha-pferdestaerken.de\/","name":"Tierheilpraxis Sabine Hampicke","description":"Pferde auf verschiedenen Wegen ganzheitlich st\u00e4rken und im Krankheitsfall Heilung zu unterst\u00fctzen","potentialAction":[{"@type":"SearchAction","target":{"@type":"EntryPoint","urlTemplate":"https:\/\/saha-pferdestaerken.de\/?s={search_term_string}"},"query-input":{"@type":"PropertyValueSpecification","valueRequired":true,"valueName":"search_term_string"}}],"inLanguage":"de"}]}},"_links":{"self":[{"href":"https:\/\/saha-pferdestaerken.de\/index.php\/wp-json\/wp\/v2\/pages\/526","targetHints":{"allow":["GET"]}}],"collection":[{"href":"https:\/\/saha-pferdestaerken.de\/index.php\/wp-json\/wp\/v2\/pages"}],"about":[{"href":"https:\/\/saha-pferdestaerken.de\/index.php\/wp-json\/wp\/v2\/types\/page"}],"author":[{"embeddable":true,"href":"https:\/\/saha-pferdestaerken.de\/index.php\/wp-json\/wp\/v2\/users\/6"}],"replies":[{"embeddable":true,"href":"https:\/\/saha-pferdestaerken.de\/index.php\/wp-json\/wp\/v2\/comments?post=526"}],"version-history":[{"count":8,"href":"https:\/\/saha-pferdestaerken.de\/index.php\/wp-json\/wp\/v2\/pages\/526\/revisions"}],"predecessor-version":[{"id":1072,"href":"https:\/\/saha-pferdestaerken.de\/index.php\/wp-json\/wp\/v2\/pages\/526\/revisions\/1072"}],"wp:attachment":[{"href":"https:\/\/saha-pferdestaerken.de\/index.php\/wp-json\/wp\/v2\/media?parent=526"}],"curies":[{"name":"wp","href":"https:\/\/api.w.org\/{rel}","templated":true}]}}