{"id":587,"date":"2020-07-11T12:55:31","date_gmt":"2020-07-11T10:55:31","guid":{"rendered":"http:\/\/saha-pferdestaerken.local\/?page_id=587"},"modified":"2020-07-24T16:47:22","modified_gmt":"2020-07-24T14:47:22","slug":"training","status":"publish","type":"page","link":"https:\/\/saha-pferdestaerken.de\/index.php\/training\/","title":{"rendered":"Training"},"content":{"rendered":"<h1><b>Training, Coaching, Reitunterricht<\/b><\/h1>\n<div>\n<p>    <img decoding=\"async\" src=\"\/wp-content\/uploads\/2020\/06\/Training_Startseite_800_500.jpg\" alt=\"\"><\/p>\n<\/div>\n<ul>\n<li>\n<p>        <img decoding=\"async\" src=\"\/wp-content\/uploads\/2020\/07\/Training_1_800_500.jpg\" alt=\"\"><\/p>\n<\/li>\n<li>\n<p>        <img decoding=\"async\" src=\"\/wp-content\/uploads\/2020\/07\/Training_2_800_500.jpg\" alt=\"\"><\/p>\n<\/li>\n<li>\n<p>        <img decoding=\"async\" src=\"\/wp-content\/uploads\/2020\/07\/Training_Fuchs.jpg\" alt=\"\"><\/p>\n<\/li>\n<li>\n<p>        <img decoding=\"async\" src=\"\/wp-content\/uploads\/2020\/07\/Training_3_800_500.jpg\" alt=\"\"><\/p>\n<\/li>\n<\/ul>\n<div>\n<h5>Pr\u00e4ventives Training<\/h5>\n<p class=\"p2\">W\u00fcrde man fragen: \u201eWas ist gutes Reiten?\u201c Dann w\u00fcrde man vielleicht erst einmal daran denken, dass man selbst Freude daran hat und dass man auch die Regeln beherrscht. Genauso wichtig und vielleicht noch wichtiger ist es auch, dass man sein Reitpferd dabei gesund erh\u00e4lt und sch\u00fctzt. Dann ist es eine wunderbare Einheit aus Pferd und Reiter, an der beide Freude haben.<\/p>\n<p>Bewegung ist f\u00fcr Pferde essentiell. Aber vielfach werden Pferde nicht so gehalten und genutzt, wie es ihrer urspr\u00fcnglichen Natur entspricht. Daher liegt es in unserer Verantwortung, ihnen in dem uns m\u00f6glichen Rahmen einen ad\u00e4quaten Ausgleich in Form eines individuell angepassten Trainings zu bieten.<\/p>\n<\/div>\n<div>\n<h5 class=\"p3\">Training nach einer Behandlung<\/h5>\n<p class=\"p2\">Speziall nach einer manuellen Behandlung ist das individuell abgestimmte Training ein wichtiger Teil der Therapie, um den Behandlungserfolg aufrecht zu erhalten. Vergleichbar mit einem Menschen, der zum Rehasport geht.<\/p>\n<p class=\"p2\">Jedes Pferd, das als Reitpferd in welcher Disziplin auch immer beansprucht wird, braucht eine Aus &#8211; und Weiterbildung im Sinne der Reitlehre, damit es vor gesundheitlichen Sch\u00e4den, die durch Belastungen als Reitpferd entstehen k\u00f6nnen, bewahrt wird.<\/p>\n<p class=\"p2\">Durch meine Ausbildung zur Pferdewirtin mit Schwerpunkt Reiten und durch meine langj\u00e4hrige Berufserfahrung biete ich eine professionelle Unterst\u00fctzung mit Training, <span style=\"color: #ff6600;\"><a style=\"color: #ff6600;\" href=\"http:\/\/saha-pferdestaerken.local\/index.php\/reitunterricht\/\">Reitunterricht<\/a><\/span>, Beritt, Cavalettraining, Doppellonge, Longieren am Kappzaun, Boden-\/Handarbeit und <span style=\"color: #ff6600;\"><a style=\"color: #ff6600;\" href=\"http:\/\/saha-pferdestaerken.local\/index.php\/coaching\/\">Coaching<\/a><\/span> an.<\/p>\n<\/div>\n<p><!-- {\"type\":\"layout\",\"children\":[{\"type\":\"section\",\"props\":{\"style\":\"default\",\"width\":\"default\",\"vertical_align\":\"middle\",\"title_position\":\"top-left\",\"title_rotation\":\"left\",\"title_breakpoint\":\"xl\",\"image_position\":\"center-center\",\"padding_remove_bottom\":true},\"children\":[{\"type\":\"row\",\"children\":[{\"type\":\"column\",\"props\":{\"image_position\":\"center-center\",\"media_overlay_gradient\":\"\",\"width_medium\":\"1-1\"},\"children\":[{\"type\":\"headline\",\"props\":{\"title_element\":\"h1\",\"title_style\":\"h1\",\"content\":\"<b>Training, Coaching, Reitunterricht<\\\/b>\"}}]}]},{\"type\":\"row\",\"props\":{\"layout\":\"1-2,1-2\"},\"children\":[{\"type\":\"column\",\"props\":{\"image_position\":\"center-center\",\"media_overlay_gradient\":\"\",\"width_medium\":\"1-2\"},\"children\":[{\"type\":\"slideshow\",\"props\":{\"show_title\":true,\"show_meta\":false,\"show_content\":true,\"show_link\":true,\"show_thumbnail\":true,\"slideshow_min_height\":300,\"slideshow_autoplay_pause\":true,\"nav\":\"dotnav\",\"nav_position\":\"bottom-center\",\"nav_position_margin\":\"medium\",\"nav_align\":\"center\",\"nav_breakpoint\":\"s\",\"thumbnav_width\":\"100\",\"thumbnav_height\":\"75\",\"thumbnav_svg_color\":\"emphasis\",\"slidenav\":\"default\",\"slidenav_margin\":\"medium\",\"slidenav_breakpoint\":\"s\",\"slidenav_outside_breakpoint\":\"xl\",\"overlay_position\":\"center-left\",\"overlay_animation\":\"parallax\",\"title_element\":\"h3\",\"meta_style\":\"meta\",\"meta_align\":\"below-title\",\"link_text\":\"Read more\",\"link_style\":\"default\",\"margin\":\"default\",\"slideshow_height\":\"percent\",\"slideshow_box_shadow\":\"\",\"slideshow_box_decoration\":\"\",\"slideshow_animation\":\"\",\"slideshow_kenburns\":\"\",\"nav_margin\":\"\",\"nav_color\":\"\",\"slidenav_outside_color\":\"\",\"overlay_container\":\"\",\"overlay_container_padding\":\"\",\"overlay_width\":\"\",\"slideshow_autoplay\":false,\"nav_below\":false},\"children\":[{\"type\":\"slideshow_item\",\"props\":{\"image\":\"wp-content\\\/uploads\\\/2020\\\/06\\\/Training_Startseite_800_500.jpg\"}}]}]},{\"type\":\"column\",\"props\":{\"image_position\":\"center-center\",\"media_overlay_gradient\":\"\",\"width_medium\":\"1-2\"},\"children\":[{\"type\":\"slideshow\",\"props\":{\"show_title\":true,\"show_meta\":false,\"show_content\":true,\"show_link\":true,\"show_thumbnail\":true,\"slideshow_min_height\":300,\"slideshow_autoplay_pause\":true,\"nav\":\"dotnav\",\"nav_position\":\"bottom-center\",\"nav_position_margin\":\"medium\",\"nav_align\":\"center\",\"nav_breakpoint\":\"s\",\"thumbnav_width\":\"100\",\"thumbnav_height\":\"75\",\"thumbnav_svg_color\":\"emphasis\",\"slidenav\":\"default\",\"slidenav_margin\":\"medium\",\"slidenav_breakpoint\":\"s\",\"slidenav_outside_breakpoint\":\"xl\",\"overlay_position\":\"center-left\",\"overlay_animation\":\"parallax\",\"title_element\":\"h3\",\"meta_style\":\"meta\",\"meta_align\":\"below-title\",\"link_text\":\"Read more\",\"link_style\":\"default\",\"margin\":\"default\",\"slideshow_height\":\"percent\",\"slideshow_box_shadow\":\"\",\"slideshow_box_decoration\":\"\",\"slideshow_animation\":\"\",\"slideshow_kenburns\":\"\",\"nav_margin\":\"\",\"nav_color\":\"\",\"slidenav_outside_color\":\"\",\"overlay_container\":\"\",\"overlay_container_padding\":\"\",\"overlay_width\":\"\",\"slideshow_autoplay\":true,\"nav_below\":true,\"slideshow_velocity\":\"0.2\"},\"children\":[{\"type\":\"slideshow_item\",\"props\":{\"image\":\"wp-content\\\/uploads\\\/2020\\\/07\\\/Training_1_800_500.jpg\"}},{\"type\":\"slideshow_item\",\"props\":{\"image\":\"wp-content\\\/uploads\\\/2020\\\/07\\\/Training_2_800_500.jpg\"}},{\"type\":\"slideshow_item\",\"props\":{\"image\":\"wp-content\\\/uploads\\\/2020\\\/07\\\/Training_Fuchs.jpg\"}},{\"type\":\"slideshow_item\",\"props\":{\"image\":\"wp-content\\\/uploads\\\/2020\\\/07\\\/Training_3_800_500.jpg\"}}]}]}]}],\"name\":\"Grundmuster_Slideshow_Text\"},{\"type\":\"section\",\"props\":{\"style\":\"default\",\"width\":\"default\",\"vertical_align\":\"middle\",\"title_position\":\"top-left\",\"title_rotation\":\"left\",\"title_breakpoint\":\"xl\",\"image_position\":\"center-center\"},\"children\":[{\"type\":\"row\",\"props\":{\"layout\":\"1-2,1-2\"},\"children\":[{\"type\":\"column\",\"props\":{\"image_position\":\"center-center\",\"media_overlay_gradient\":\"\",\"width_medium\":\"1-2\"},\"children\":[{\"type\":\"text\",\"props\":{\"margin\":\"default\",\"column_breakpoint\":\"m\",\"content\":\"\n\n<h5>Pr\\u00e4ventives Training<\\\/h5>\\n\n\n<p class=\\\"p2\\\">W\\u00fcrde man fragen: \\u201eWas ist gutes Reiten?\\u201c Dann w\\u00fcrde man vielleicht erst einmal daran denken, dass man selbst Freude daran hat und dass man auch die Regeln beherrscht. Genauso wichtig und vielleicht noch wichtiger ist es auch, dass man sein Reitpferd dabei gesund erh\\u00e4lt und sch\\u00fctzt. Dann ist es eine wunderbare Einheit aus Pferd und Reiter, an der beide Freude haben.<\\\/p>\\n\n\n<p>Bewegung ist f\\u00fcr Pferde essentiell. Aber vielfach werden Pferde nicht so gehalten und genutzt, wie es ihrer urspr\\u00fcnglichen Natur entspricht. Daher liegt es in unserer Verantwortung, ihnen in dem uns m\\u00f6glichen Rahmen einen ad\\u00e4quaten Ausgleich in Form eines individuell angepassten Trainings zu bieten.<\\\/p>\",\"margin_remove_top\":true},\"name\":\"Text\"}]},{\"type\":\"column\",\"props\":{\"image_position\":\"center-center\",\"media_overlay_gradient\":\"\",\"width_medium\":\"1-2\"},\"children\":[{\"type\":\"text\",\"props\":{\"margin\":\"default\",\"column_breakpoint\":\"m\",\"content\":\"\n\n<h5 class=\\\"p3\\\">Training nach einer Behandlung<\\\/h5>\\n\n\n<p class=\\\"p2\\\">Speziall nach einer manuellen Behandlung ist das individuell abgestimmte Training ein wichtiger Teil der Therapie, um den Behandlungserfolg aufrecht zu erhalten. Vergleichbar mit einem Menschen, der zum Rehasport geht.<\\\/p>\\n\n\n<p class=\\\"p2\\\">Jedes Pferd, das als Reitpferd in welcher Disziplin auch immer beansprucht wird, braucht eine Aus - und Weiterbildung im Sinne der Reitlehre, damit es vor gesundheitlichen Sch\\u00e4den, die durch Belastungen als Reitpferd entstehen k\\u00f6nnen, bewahrt wird.<\\\/p>\\n\n\n<p class=\\\"p2\\\">Durch meine Ausbildung zur Pferdewirtin mit Schwerpunkt Reiten und durch meine langj\\u00e4hrige Berufserfahrung biete ich eine professionelle Unterst\\u00fctzung mit Training, <span style=\\\"color: #ff6600;\\\"><a style=\\\"color: #ff6600;\\\" href=\\\"http:\\\/\\\/saha-pferdestaerken.local\\\/index.php\\\/reitunterricht\\\/\\\">Reitunterricht<\\\/a><\\\/span>, Beritt, Cavalettraining, Doppellonge, Longieren am Kappzaun, Boden-\\\/Handarbeit und <span style=\\\"color: #ff6600;\\\"><a style=\\\"color: #ff6600;\\\" href=\\\"http:\\\/\\\/saha-pferdestaerken.local\\\/index.php\\\/coaching\\\/\\\">Coaching<\\\/a><\\\/span> an.<\\\/p>\"}}]}]}],\"name\":\"Text zweispaltig\"}],\"version\":\"2.1.2\"} --><\/p>\n","protected":false},"excerpt":{"rendered":"<p>Training, Coaching, Reitunterricht Pr\u00e4ventives Training W\u00fcrde man fragen: \u201eWas ist gutes Reiten?\u201c Dann w\u00fcrde man vielleicht erst einmal daran denken, dass man selbst Freude daran hat und dass man auch die Regeln beherrscht. Genauso wichtig und vielleicht noch wichtiger ist es auch, dass man sein Reitpferd dabei gesund erh\u00e4lt und sch\u00fctzt. Dann ist es eine [&hellip;]<\/p>\n","protected":false},"author":6,"featured_media":0,"parent":0,"menu_order":0,"comment_status":"closed","ping_status":"closed","template":"","meta":{"_monsterinsights_skip_tracking":false,"_monsterinsights_sitenote_active":false,"_monsterinsights_sitenote_note":"","_monsterinsights_sitenote_category":0,"footnotes":""},"class_list":["post-587","page","type-page","status-publish","hentry"],"yoast_head":"<!-- This site is optimized with the Yoast SEO plugin v27.2 - https:\/\/yoast.com\/product\/yoast-seo-wordpress\/ -->\n<title>Training | Ganzheitliche Pferdetherapie Sabine Hampicke<\/title>\n<meta name=\"robots\" content=\"index, follow, max-snippet:-1, max-image-preview:large, max-video-preview:-1\" \/>\n<link rel=\"canonical\" href=\"https:\/\/saha-pferdestaerken.de\/index.php\/training\/\" \/>\n<meta property=\"og:locale\" content=\"de_DE\" \/>\n<meta property=\"og:type\" content=\"article\" \/>\n<meta property=\"og:title\" content=\"Training | Ganzheitliche Pferdetherapie Sabine Hampicke\" \/>\n<meta property=\"og:description\" content=\"Training, Coaching, Reitunterricht Pr\u00e4ventives Training W\u00fcrde man fragen: \u201eWas ist gutes Reiten?\u201c Dann w\u00fcrde man vielleicht erst einmal daran denken, dass man selbst Freude daran hat und dass man auch die Regeln beherrscht. Genauso wichtig und vielleicht noch wichtiger ist es auch, dass man sein Reitpferd dabei gesund erh\u00e4lt und sch\u00fctzt. Dann ist es eine [&hellip;]\" \/>\n<meta property=\"og:url\" content=\"https:\/\/saha-pferdestaerken.de\/index.php\/training\/\" \/>\n<meta property=\"og:site_name\" content=\"Ganzheitliche Pferdetherapie Sabine Hampicke\" \/>\n<meta property=\"article:modified_time\" content=\"2020-07-24T14:47:22+00:00\" \/>\n<meta name=\"twitter:card\" content=\"summary_large_image\" \/>\n<meta name=\"twitter:label1\" content=\"Gesch\u00e4tzte Lesezeit\" \/>\n\t<meta name=\"twitter:data1\" content=\"1\u00a0Minute\" \/>\n<script type=\"application\/ld+json\" class=\"yoast-schema-graph\">{\"@context\":\"https:\/\/schema.org\",\"@graph\":[{\"@type\":\"WebPage\",\"@id\":\"https:\/\/saha-pferdestaerken.de\/index.php\/training\/\",\"url\":\"https:\/\/saha-pferdestaerken.de\/index.php\/training\/\",\"name\":\"Training | Ganzheitliche Pferdetherapie Sabine Hampicke\",\"isPartOf\":{\"@id\":\"https:\/\/saha-pferdestaerken.de\/#website\"},\"datePublished\":\"2020-07-11T10:55:31+00:00\",\"dateModified\":\"2020-07-24T14:47:22+00:00\",\"breadcrumb\":{\"@id\":\"https:\/\/saha-pferdestaerken.de\/index.php\/training\/#breadcrumb\"},\"inLanguage\":\"de\",\"potentialAction\":[{\"@type\":\"ReadAction\",\"target\":[\"https:\/\/saha-pferdestaerken.de\/index.php\/training\/\"]}]},{\"@type\":\"BreadcrumbList\",\"@id\":\"https:\/\/saha-pferdestaerken.de\/index.php\/training\/#breadcrumb\",\"itemListElement\":[{\"@type\":\"ListItem\",\"position\":1,\"name\":\"Startseite\",\"item\":\"https:\/\/saha-pferdestaerken.de\/\"},{\"@type\":\"ListItem\",\"position\":2,\"name\":\"Training\"}]},{\"@type\":\"WebSite\",\"@id\":\"https:\/\/saha-pferdestaerken.de\/#website\",\"url\":\"https:\/\/saha-pferdestaerken.de\/\",\"name\":\"Tierheilpraxis Sabine Hampicke\",\"description\":\"Pferde auf verschiedenen Wegen ganzheitlich st\u00e4rken und im Krankheitsfall Heilung zu unterst\u00fctzen\",\"potentialAction\":[{\"@type\":\"SearchAction\",\"target\":{\"@type\":\"EntryPoint\",\"urlTemplate\":\"https:\/\/saha-pferdestaerken.de\/?s={search_term_string}\"},\"query-input\":{\"@type\":\"PropertyValueSpecification\",\"valueRequired\":true,\"valueName\":\"search_term_string\"}}],\"inLanguage\":\"de\"}]}<\/script>\n<!-- \/ Yoast SEO plugin. -->","yoast_head_json":{"title":"Training | Ganzheitliche Pferdetherapie Sabine Hampicke","robots":{"index":"index","follow":"follow","max-snippet":"max-snippet:-1","max-image-preview":"max-image-preview:large","max-video-preview":"max-video-preview:-1"},"canonical":"https:\/\/saha-pferdestaerken.de\/index.php\/training\/","og_locale":"de_DE","og_type":"article","og_title":"Training | Ganzheitliche Pferdetherapie Sabine Hampicke","og_description":"Training, Coaching, Reitunterricht Pr\u00e4ventives Training W\u00fcrde man fragen: \u201eWas ist gutes Reiten?\u201c Dann w\u00fcrde man vielleicht erst einmal daran denken, dass man selbst Freude daran hat und dass man auch die Regeln beherrscht. Genauso wichtig und vielleicht noch wichtiger ist es auch, dass man sein Reitpferd dabei gesund erh\u00e4lt und sch\u00fctzt. Dann ist es eine [&hellip;]","og_url":"https:\/\/saha-pferdestaerken.de\/index.php\/training\/","og_site_name":"Ganzheitliche Pferdetherapie Sabine Hampicke","article_modified_time":"2020-07-24T14:47:22+00:00","twitter_card":"summary_large_image","twitter_misc":{"Gesch\u00e4tzte Lesezeit":"1\u00a0Minute"},"schema":{"@context":"https:\/\/schema.org","@graph":[{"@type":"WebPage","@id":"https:\/\/saha-pferdestaerken.de\/index.php\/training\/","url":"https:\/\/saha-pferdestaerken.de\/index.php\/training\/","name":"Training | Ganzheitliche Pferdetherapie Sabine Hampicke","isPartOf":{"@id":"https:\/\/saha-pferdestaerken.de\/#website"},"datePublished":"2020-07-11T10:55:31+00:00","dateModified":"2020-07-24T14:47:22+00:00","breadcrumb":{"@id":"https:\/\/saha-pferdestaerken.de\/index.php\/training\/#breadcrumb"},"inLanguage":"de","potentialAction":[{"@type":"ReadAction","target":["https:\/\/saha-pferdestaerken.de\/index.php\/training\/"]}]},{"@type":"BreadcrumbList","@id":"https:\/\/saha-pferdestaerken.de\/index.php\/training\/#breadcrumb","itemListElement":[{"@type":"ListItem","position":1,"name":"Startseite","item":"https:\/\/saha-pferdestaerken.de\/"},{"@type":"ListItem","position":2,"name":"Training"}]},{"@type":"WebSite","@id":"https:\/\/saha-pferdestaerken.de\/#website","url":"https:\/\/saha-pferdestaerken.de\/","name":"Tierheilpraxis Sabine Hampicke","description":"Pferde auf verschiedenen Wegen ganzheitlich st\u00e4rken und im Krankheitsfall Heilung zu unterst\u00fctzen","potentialAction":[{"@type":"SearchAction","target":{"@type":"EntryPoint","urlTemplate":"https:\/\/saha-pferdestaerken.de\/?s={search_term_string}"},"query-input":{"@type":"PropertyValueSpecification","valueRequired":true,"valueName":"search_term_string"}}],"inLanguage":"de"}]}},"_links":{"self":[{"href":"https:\/\/saha-pferdestaerken.de\/index.php\/wp-json\/wp\/v2\/pages\/587","targetHints":{"allow":["GET"]}}],"collection":[{"href":"https:\/\/saha-pferdestaerken.de\/index.php\/wp-json\/wp\/v2\/pages"}],"about":[{"href":"https:\/\/saha-pferdestaerken.de\/index.php\/wp-json\/wp\/v2\/types\/page"}],"author":[{"embeddable":true,"href":"https:\/\/saha-pferdestaerken.de\/index.php\/wp-json\/wp\/v2\/users\/6"}],"replies":[{"embeddable":true,"href":"https:\/\/saha-pferdestaerken.de\/index.php\/wp-json\/wp\/v2\/comments?post=587"}],"version-history":[{"count":31,"href":"https:\/\/saha-pferdestaerken.de\/index.php\/wp-json\/wp\/v2\/pages\/587\/revisions"}],"predecessor-version":[{"id":914,"href":"https:\/\/saha-pferdestaerken.de\/index.php\/wp-json\/wp\/v2\/pages\/587\/revisions\/914"}],"wp:attachment":[{"href":"https:\/\/saha-pferdestaerken.de\/index.php\/wp-json\/wp\/v2\/media?parent=587"}],"curies":[{"name":"wp","href":"https:\/\/api.w.org\/{rel}","templated":true}]}}