{"id":817,"date":"2020-07-16T19:02:00","date_gmt":"2020-07-16T17:02:00","guid":{"rendered":"http:\/\/saha-pferdestaerken.local\/?page_id=817"},"modified":"2022-08-11T21:58:19","modified_gmt":"2022-08-11T19:58:19","slug":"reitunterricht","status":"publish","type":"page","link":"https:\/\/saha-pferdestaerken.de\/index.php\/reitunterricht\/","title":{"rendered":"Reitunterricht"},"content":{"rendered":"<h1>Reitunterricht<\/h1>\n<div>\n<p>    <img decoding=\"async\" src=\"\/wp-content\/uploads\/2020\/07\/Reitunterricht_2020_07.jpg\" alt=\"\"><\/p>\n<\/div>\n<div>\n<h5>Erstrebt\u00a0 &#8211;\u00a0 Erforscht\u00a0 &#8211;\u00a0 Erf\u00fchlt<\/h5>\n<p>Sch\u00f6n, dass Du den Weg hier hin gefunden hast.<\/p>\n<p>Da der Reitunterricht in der Regel in\u00a0 der DU-Form gehalten wird, nutze ich in dieser kleinen Vorstellung diese Anrede. Bitte verstehe es als ein wertsch\u00e4tzendes Du.<\/p>\n<p>Meines Philosophie des Unterrichtens liegt darin, dass ich dich dort abhole, wo du mit deinem Pferd stehst. So individuell ihr als Einheit seid, so individuell gestalte ich das Training mit euch.<\/p>\n<p>Beim ersten Kennenlernen nehme ich mir viel Zeit f\u00fcr das Vorgespr\u00e4ch, bevor das Training beginnt.<\/p>\n<p>Gerade evtl. Vorerkrankungen deines Pferdes, auf die es gilt R\u00fccksicht zu nehmen, Alter des Pferdes und den aktuellen Ausbildungstand von euch beiden zu erfahren, sind f\u00fcr mich sehr wichtig, um das Training angepasst und effektiv aufbauen zu k\u00f6nnen. Auch das Abschlussgespr\u00e4ch nach dem Training mit\u00a0 &#8222;Hausaufgaben&#8220; nimmt einen wichtigen Platz ein. Die ethischen Grunds\u00e4tze stehen f\u00fcr mich an erster Stelle, wobei der Spa\u00df und die Freude f\u00fcr dich nicht zu kurz kommen. Was gibt es Sch\u00f6neres als strahlende Gesichter auf zufriedenen Pferden nach einer Trainingseinheit.<\/p>\n<p>Viel Wert lege ich auf einen guten Grundsitz des Reiters. Hierbei haben sich mentale Strategien, die Arbeit mit den Franklin-B\u00e4llen und die Sitzschulung an der Longe sehr bew\u00e4hrt. Ebenso kann bei schwierigen Pferden das Reiten an der Longe viel Sicherheit vermitteln. Nur aus dem losgelassenem Sitz des Reiters in positiver Grundspannung kann sich eine korrekte Hilfegebung im Sinne der klassischen Dressur ergeben.<\/p>\n<p>Wer Pferde verstehen will, muss selbst ein Teil Pferd werden, denn das Pferd ist dein Spiegel und Pferde l\u00fcgen nie.Von mir bekommst du mit Herz, Verst\u00e4ndnis und Kompetenz die Unterst\u00fctzung, die du brauchst, um deine F\u00e4higkeiten, dein Pferd zu f\u00fchlen, weiter zu entwickeln.<\/p>\n<p>Obwohl ich nach den Grunds\u00e4tze der klassischen Dressur lehre, schaue ich immer wieder \u00fcber den Tellerrand hinaus und lasse mich gerne von anderen Reitweisen inspirieren. Dadurch entstehen immer wieder neue Ideen, die euch weiterbringen.<\/p>\n<h5>Unser gemeinsames Ziel erreichen: Pferd und Reiter in Harmonie<\/h5>\n<\/div>\n<p><!-- {\"type\":\"layout\",\"children\":[{\"type\":\"section\",\"props\":{\"style\":\"default\",\"width\":\"default\",\"vertical_align\":\"middle\",\"title_position\":\"top-left\",\"title_rotation\":\"left\",\"title_breakpoint\":\"xl\",\"image_position\":\"center-center\"},\"children\":[{\"type\":\"row\",\"children\":[{\"type\":\"column\",\"props\":{\"image_position\":\"center-center\",\"media_overlay_gradient\":\"\",\"width_medium\":\"1-1\"},\"children\":[{\"type\":\"headline\",\"props\":{\"title_element\":\"h1\",\"title_style\":\"h1\",\"content\":\"Reitunterricht\"}}]}]},{\"type\":\"row\",\"props\":{\"layout\":\"1-2,1-2\"},\"children\":[{\"type\":\"column\",\"props\":{\"image_position\":\"center-center\",\"media_overlay_gradient\":\"\",\"width_medium\":\"1-2\"},\"children\":[{\"type\":\"slideshow\",\"props\":{\"show_title\":true,\"show_meta\":false,\"show_content\":true,\"show_link\":true,\"show_thumbnail\":true,\"slideshow_min_height\":300,\"slideshow_autoplay_pause\":true,\"nav\":\"dotnav\",\"nav_position\":\"bottom-center\",\"nav_position_margin\":\"medium\",\"nav_align\":\"center\",\"nav_breakpoint\":\"s\",\"thumbnav_width\":\"100\",\"thumbnav_height\":\"75\",\"thumbnav_svg_color\":\"emphasis\",\"slidenav\":\"default\",\"slidenav_margin\":\"medium\",\"slidenav_breakpoint\":\"s\",\"slidenav_outside_breakpoint\":\"xl\",\"overlay_position\":\"center-left\",\"overlay_animation\":\"parallax\",\"title_element\":\"h3\",\"meta_style\":\"meta\",\"meta_align\":\"below-title\",\"link_text\":\"Read more\",\"link_style\":\"default\",\"margin\":\"default\",\"slideshow_height\":\"\",\"slideshow_box_shadow\":\"\",\"slideshow_box_decoration\":\"\",\"slideshow_animation\":\"\",\"slideshow_kenburns\":\"\",\"nav_margin\":\"\",\"nav_color\":\"\",\"slidenav_outside_color\":\"\",\"overlay_container\":\"\",\"overlay_container_padding\":\"\",\"overlay_width\":\"\"},\"children\":[{\"type\":\"slideshow_item\",\"props\":{\"image\":\"wp-content\\\/uploads\\\/2020\\\/07\\\/Reitunterricht_2020_07.jpg\"}}]}]},{\"type\":\"column\",\"props\":{\"image_position\":\"center-center\",\"media_overlay_gradient\":\"\",\"width_medium\":\"1-2\"},\"children\":[{\"type\":\"text\",\"props\":{\"margin\":\"default\",\"column_breakpoint\":\"m\",\"content\":\"\n\n<h5>Erstrebt\\u00a0 -\\u00a0 Erforscht\\u00a0 -\\u00a0 Erf\\u00fchlt<\\\/h5>\\n\n\n<p>Sch\\u00f6n, dass Du den Weg hier hin gefunden hast.<\\\/p>\\n\n\n<p>Da der Reitunterricht in der Regel in\\u00a0 der DU-Form gehalten wird, nutze ich in dieser kleinen Vorstellung diese Anrede. Bitte verstehe es als ein wertsch\\u00e4tzendes Du.<\\\/p>\\n\n\n<p>Meines Philosophie des Unterrichtens liegt darin, dass ich dich dort abhole, wo du mit deinem Pferd stehst. So individuell ihr als Einheit seid, so individuell gestalte ich das Training mit euch.<\\\/p>\\n\n\n<p>Beim ersten Kennenlernen nehme ich mir viel Zeit f\\u00fcr das Vorgespr\\u00e4ch, bevor das Training beginnt.<\\\/p>\\n\n\n<p>Gerade evtl. Vorerkrankungen deines Pferdes, auf die es gilt R\\u00fccksicht zu nehmen, Alter des Pferdes und den aktuellen Ausbildungstand von euch beiden zu erfahren, sind f\\u00fcr mich sehr wichtig, um das Training angepasst und effektiv aufbauen zu k\\u00f6nnen. Auch das Abschlussgespr\\u00e4ch nach dem Training mit\\u00a0 \\\"Hausaufgaben\\\" nimmt einen wichtigen Platz ein. Die ethischen Grunds\\u00e4tze stehen f\\u00fcr mich an erster Stelle, wobei der Spa\\u00df und die Freude f\\u00fcr dich nicht zu kurz kommen. Was gibt es Sch\\u00f6neres als strahlende Gesichter auf zufriedenen Pferden nach einer Trainingseinheit.<\\\/p>\\n\n\n<p>Viel Wert lege ich auf einen guten Grundsitz des Reiters. Hierbei haben sich mentale Strategien, die Arbeit mit den Franklin-B\\u00e4llen und die Sitzschulung an der Longe sehr bew\\u00e4hrt. Ebenso kann bei schwierigen Pferden das Reiten an der Longe viel Sicherheit vermitteln. Nur aus dem losgelassenem Sitz des Reiters in positiver Grundspannung kann sich eine korrekte Hilfegebung im Sinne der klassischen Dressur ergeben.<\\\/p>\\n\n\n<p>Wer Pferde verstehen will, muss selbst ein Teil Pferd werden, denn das Pferd ist dein Spiegel und Pferde l\\u00fcgen nie.Von mir bekommst du mit Herz, Verst\\u00e4ndnis und Kompetenz die Unterst\\u00fctzung, die du brauchst, um deine F\\u00e4higkeiten, dein Pferd zu f\\u00fchlen, weiter zu entwickeln.<\\\/p>\\n\n\n<p>Obwohl ich nach den Grunds\\u00e4tze der klassischen Dressur lehre, schaue ich immer wieder \\u00fcber den Tellerrand hinaus und lasse mich gerne von anderen Reitweisen inspirieren. Dadurch entstehen immer wieder neue Ideen, die euch weiterbringen.<\\\/p>\\n\n\n<h5>Unser gemeinsames Ziel erreichen: Pferd und Reiter in Harmonie<\\\/h5>\"}}]}]}],\"name\":\"Grundmuster_Slideshow_Text\"}],\"version\":\"2.1.2\"} --><\/p>\n","protected":false},"excerpt":{"rendered":"<p>Reitunterricht Erstrebt\u00a0 &#8211;\u00a0 Erforscht\u00a0 &#8211;\u00a0 Erf\u00fchlt Sch\u00f6n, dass Du den Weg hier hin gefunden hast. Da der Reitunterricht in der Regel in\u00a0 der DU-Form gehalten wird, nutze ich in dieser kleinen Vorstellung diese Anrede. Bitte verstehe es als ein wertsch\u00e4tzendes Du. Meines Philosophie des Unterrichtens liegt darin, dass ich dich dort abhole, wo du mit [&hellip;]<\/p>\n","protected":false},"author":6,"featured_media":0,"parent":0,"menu_order":0,"comment_status":"closed","ping_status":"closed","template":"","meta":{"_monsterinsights_skip_tracking":false,"_monsterinsights_sitenote_active":false,"_monsterinsights_sitenote_note":"","_monsterinsights_sitenote_category":0,"footnotes":""},"class_list":["post-817","page","type-page","status-publish","hentry"],"yoast_head":"<!-- This site is optimized with the Yoast SEO plugin v27.2 - https:\/\/yoast.com\/product\/yoast-seo-wordpress\/ -->\n<title>Reitunterricht | Ganzheitliche Pferdetherapie Sabine Hampicke<\/title>\n<meta name=\"description\" content=\"Gutes Reiten ist aktive Physiotherapie f\u00fcr Pferde. Hierin unterst\u00fctze ich dich mit meinem Reitunterricht und Beritt unter dem osteopathischen Blickwinkel zur Gesunderhaltung deines Pferdes.\" \/>\n<meta name=\"robots\" content=\"index, follow, max-snippet:-1, max-image-preview:large, max-video-preview:-1\" \/>\n<link rel=\"canonical\" href=\"https:\/\/saha-pferdestaerken.de\/index.php\/reitunterricht\/\" \/>\n<meta property=\"og:locale\" content=\"de_DE\" \/>\n<meta property=\"og:type\" content=\"article\" \/>\n<meta property=\"og:title\" content=\"Reitunterricht | Ganzheitliche Pferdetherapie Sabine Hampicke\" \/>\n<meta property=\"og:description\" content=\"Gutes Reiten ist aktive Physiotherapie f\u00fcr Pferde. Hierin unterst\u00fctze ich dich mit meinem Reitunterricht und Beritt unter dem osteopathischen Blickwinkel zur Gesunderhaltung deines Pferdes.\" \/>\n<meta property=\"og:url\" content=\"https:\/\/saha-pferdestaerken.de\/index.php\/reitunterricht\/\" \/>\n<meta property=\"og:site_name\" content=\"Ganzheitliche Pferdetherapie Sabine Hampicke\" \/>\n<meta property=\"article:modified_time\" content=\"2022-08-11T19:58:19+00:00\" \/>\n<meta name=\"twitter:card\" content=\"summary_large_image\" \/>\n<meta name=\"twitter:label1\" content=\"Gesch\u00e4tzte Lesezeit\" \/>\n\t<meta name=\"twitter:data1\" content=\"2\u00a0Minuten\" \/>\n<script type=\"application\/ld+json\" class=\"yoast-schema-graph\">{\"@context\":\"https:\/\/schema.org\",\"@graph\":[{\"@type\":\"WebPage\",\"@id\":\"https:\/\/saha-pferdestaerken.de\/index.php\/reitunterricht\/\",\"url\":\"https:\/\/saha-pferdestaerken.de\/index.php\/reitunterricht\/\",\"name\":\"Reitunterricht | Ganzheitliche Pferdetherapie Sabine Hampicke\",\"isPartOf\":{\"@id\":\"https:\/\/saha-pferdestaerken.de\/#website\"},\"datePublished\":\"2020-07-16T17:02:00+00:00\",\"dateModified\":\"2022-08-11T19:58:19+00:00\",\"description\":\"Gutes Reiten ist aktive Physiotherapie f\u00fcr Pferde. Hierin unterst\u00fctze ich dich mit meinem Reitunterricht und Beritt unter dem osteopathischen Blickwinkel zur Gesunderhaltung deines Pferdes.\",\"breadcrumb\":{\"@id\":\"https:\/\/saha-pferdestaerken.de\/index.php\/reitunterricht\/#breadcrumb\"},\"inLanguage\":\"de\",\"potentialAction\":[{\"@type\":\"ReadAction\",\"target\":[\"https:\/\/saha-pferdestaerken.de\/index.php\/reitunterricht\/\"]}]},{\"@type\":\"BreadcrumbList\",\"@id\":\"https:\/\/saha-pferdestaerken.de\/index.php\/reitunterricht\/#breadcrumb\",\"itemListElement\":[{\"@type\":\"ListItem\",\"position\":1,\"name\":\"Startseite\",\"item\":\"https:\/\/saha-pferdestaerken.de\/\"},{\"@type\":\"ListItem\",\"position\":2,\"name\":\"Reitunterricht\"}]},{\"@type\":\"WebSite\",\"@id\":\"https:\/\/saha-pferdestaerken.de\/#website\",\"url\":\"https:\/\/saha-pferdestaerken.de\/\",\"name\":\"Tierheilpraxis Sabine Hampicke\",\"description\":\"Pferde auf verschiedenen Wegen ganzheitlich st\u00e4rken und im Krankheitsfall Heilung zu unterst\u00fctzen\",\"potentialAction\":[{\"@type\":\"SearchAction\",\"target\":{\"@type\":\"EntryPoint\",\"urlTemplate\":\"https:\/\/saha-pferdestaerken.de\/?s={search_term_string}\"},\"query-input\":{\"@type\":\"PropertyValueSpecification\",\"valueRequired\":true,\"valueName\":\"search_term_string\"}}],\"inLanguage\":\"de\"}]}<\/script>\n<!-- \/ Yoast SEO plugin. -->","yoast_head_json":{"title":"Reitunterricht | Ganzheitliche Pferdetherapie Sabine Hampicke","description":"Gutes Reiten ist aktive Physiotherapie f\u00fcr Pferde. Hierin unterst\u00fctze ich dich mit meinem Reitunterricht und Beritt unter dem osteopathischen Blickwinkel zur Gesunderhaltung deines Pferdes.","robots":{"index":"index","follow":"follow","max-snippet":"max-snippet:-1","max-image-preview":"max-image-preview:large","max-video-preview":"max-video-preview:-1"},"canonical":"https:\/\/saha-pferdestaerken.de\/index.php\/reitunterricht\/","og_locale":"de_DE","og_type":"article","og_title":"Reitunterricht | Ganzheitliche Pferdetherapie Sabine Hampicke","og_description":"Gutes Reiten ist aktive Physiotherapie f\u00fcr Pferde. Hierin unterst\u00fctze ich dich mit meinem Reitunterricht und Beritt unter dem osteopathischen Blickwinkel zur Gesunderhaltung deines Pferdes.","og_url":"https:\/\/saha-pferdestaerken.de\/index.php\/reitunterricht\/","og_site_name":"Ganzheitliche Pferdetherapie Sabine Hampicke","article_modified_time":"2022-08-11T19:58:19+00:00","twitter_card":"summary_large_image","twitter_misc":{"Gesch\u00e4tzte Lesezeit":"2\u00a0Minuten"},"schema":{"@context":"https:\/\/schema.org","@graph":[{"@type":"WebPage","@id":"https:\/\/saha-pferdestaerken.de\/index.php\/reitunterricht\/","url":"https:\/\/saha-pferdestaerken.de\/index.php\/reitunterricht\/","name":"Reitunterricht | Ganzheitliche Pferdetherapie Sabine Hampicke","isPartOf":{"@id":"https:\/\/saha-pferdestaerken.de\/#website"},"datePublished":"2020-07-16T17:02:00+00:00","dateModified":"2022-08-11T19:58:19+00:00","description":"Gutes Reiten ist aktive Physiotherapie f\u00fcr Pferde. Hierin unterst\u00fctze ich dich mit meinem Reitunterricht und Beritt unter dem osteopathischen Blickwinkel zur Gesunderhaltung deines Pferdes.","breadcrumb":{"@id":"https:\/\/saha-pferdestaerken.de\/index.php\/reitunterricht\/#breadcrumb"},"inLanguage":"de","potentialAction":[{"@type":"ReadAction","target":["https:\/\/saha-pferdestaerken.de\/index.php\/reitunterricht\/"]}]},{"@type":"BreadcrumbList","@id":"https:\/\/saha-pferdestaerken.de\/index.php\/reitunterricht\/#breadcrumb","itemListElement":[{"@type":"ListItem","position":1,"name":"Startseite","item":"https:\/\/saha-pferdestaerken.de\/"},{"@type":"ListItem","position":2,"name":"Reitunterricht"}]},{"@type":"WebSite","@id":"https:\/\/saha-pferdestaerken.de\/#website","url":"https:\/\/saha-pferdestaerken.de\/","name":"Tierheilpraxis Sabine Hampicke","description":"Pferde auf verschiedenen Wegen ganzheitlich st\u00e4rken und im Krankheitsfall Heilung zu unterst\u00fctzen","potentialAction":[{"@type":"SearchAction","target":{"@type":"EntryPoint","urlTemplate":"https:\/\/saha-pferdestaerken.de\/?s={search_term_string}"},"query-input":{"@type":"PropertyValueSpecification","valueRequired":true,"valueName":"search_term_string"}}],"inLanguage":"de"}]}},"_links":{"self":[{"href":"https:\/\/saha-pferdestaerken.de\/index.php\/wp-json\/wp\/v2\/pages\/817","targetHints":{"allow":["GET"]}}],"collection":[{"href":"https:\/\/saha-pferdestaerken.de\/index.php\/wp-json\/wp\/v2\/pages"}],"about":[{"href":"https:\/\/saha-pferdestaerken.de\/index.php\/wp-json\/wp\/v2\/types\/page"}],"author":[{"embeddable":true,"href":"https:\/\/saha-pferdestaerken.de\/index.php\/wp-json\/wp\/v2\/users\/6"}],"replies":[{"embeddable":true,"href":"https:\/\/saha-pferdestaerken.de\/index.php\/wp-json\/wp\/v2\/comments?post=817"}],"version-history":[{"count":18,"href":"https:\/\/saha-pferdestaerken.de\/index.php\/wp-json\/wp\/v2\/pages\/817\/revisions"}],"predecessor-version":[{"id":1011,"href":"https:\/\/saha-pferdestaerken.de\/index.php\/wp-json\/wp\/v2\/pages\/817\/revisions\/1011"}],"wp:attachment":[{"href":"https:\/\/saha-pferdestaerken.de\/index.php\/wp-json\/wp\/v2\/media?parent=817"}],"curies":[{"name":"wp","href":"https:\/\/api.w.org\/{rel}","templated":true}]}}